 {"id":4307,"date":"2019-09-10T10:13:14","date_gmt":"2019-09-10T08:13:14","guid":{"rendered":"https:\/\/communicating.life\/?page_id=4307"},"modified":"2025-02-08T21:08:57","modified_gmt":"2025-02-08T20:08:57","slug":"dla-rodzicow","status":"publish","type":"page","link":"https:\/\/communicating.life\/pl\/dla-rodzicow\/","title":{"rendered":"Dla rodzic\u00f3w"},"content":{"rendered":"<p><section id=\"bt_section69d59157ce5a4\" data-parallax=\"0.1\" data-parallax-offset=\"0\" class=\"boldSection gutter inherit btParallax\" ><div class=\"port\"><div class=\"boldCell\"><div class=\"boldCellInner\"><div class=\"boldRow \" ><div class=\"boldRowInner\"><div class=\"rowItem col-md-12 col-ms-12  btTextLeft\"  data-width=\"12\"><div class=\"rowItemContent\" ><div class=\"btClear btSeparator topSemiSpaced noBorder\" ><hr><\/div><header class=\"header btClear medium\" ><div class=\"dash\"><h3><span class=\"headline\">Tw\u00f3j nastolatek nie chce rozmawia\u0107 i jest Ci z tym \u017ale? Jeste\u015b zmartwiona\/y i wyczerpana\/y, bo Twoje dziecko przejawia niepokoj\u0105ce zachowania: ma obni\u017cony nastr\u00f3j, skomplikowan\u0105 relacj\u0119 z jedzeniem lub wybucha gniewem? \u017bycie w domu przypomina chodzenie po roz\u017carzonych w\u0119glach\u2026 Chcesz wspiera\u0107 swoje dziecko najlepiej, jak potrafisz, ale te\u017c znale\u017a\u0107 r\u00f3wnowag\u0119 dla siebie i reszty rodziny?<br \/><br>Albo po prostu t\u0119sknisz za spokojem, rado\u015bci\u0105 i wzajemnym zrozumieniem w swojej rodzinie? Masz w\u0105tpliwo\u015bci i pytania, jak ka\u017cdy inny rodzic!<br \/><br>Oto z pomoc\u0105 przychodz\u0105 umiej\u0119tno\u015bci regulacji emocji oraz komunikowania si\u0119, kt\u00f3rymi mog\u0119 si\u0119 z Tob\u0105 podzieli\u0107: umiej\u0119tno\u015bci NVC, umiej\u0119tno\u015bci dialektyczno-behawioralne (DBT), umiej\u0119tno\u015bci interwencji kryzysowej, Mindfulness oraz wiedza i do\u015bwiadczenie w tym, jak pom\u00f3c sobie i swojej rodzinie w tak trudnych sytuacjach.<br \/><br><\/span><\/h3><\/div><\/header><div class=\"btClear btSeparator topSemiSpaced noBorder\" ><hr><\/div><\/div><\/div><\/div><\/div><\/div><\/div><\/div><\/section><section id=\"bt_section69d59157cec2e\" data-parallax=\"0.1\" data-parallax-offset=\"0\" class=\"boldSection topSpaced bottomSpaced gutter inherit btParallax wBackground cover btBackgroundOverlay btSolidDarkBackground\" style=\"background-image:url('https:\/\/communicating.life\/wp-content\/uploads\/2019\/09\/P1030887.jpg');\"><div class=\"port\"><div class=\"boldCell\"><div class=\"boldCellInner\"><div class=\"boldRow \" ><div class=\"boldRowInner\"><div class=\"rowItem col-md-12 col-ms-12  btTextLeft inherit\" style=\"background-color: rgba(255, 255, 255, 0.9); \" data-width=\"12\"><div class=\"rowItemContent\" ><div class=\"boldRow \" ><div class=\"boldRowInner\"><div class=\"rowItem rowInnerItem col-sm-3  btTextCenter inherit btTextIndent animate animate-fadein\"  ><div class=\"rowItemContent\"><div class=\"btClear btSeparator topSemiSpaced noBorder\" ><hr><\/div><div class=\"btIconImageRow\" ><span class=\"btIco btIcoDefaultType btIcoMediumSize btIcoAccentColor\"><span  data-ico-fa=\"&#xf240;\" class=\"btIcoHolder\"><\/span><\/span><\/div><div class=\"btClear btSeparator topSemiSpaced noBorder\" ><hr><\/div><header class=\"header btClear medium\" ><div class=\"dash\"><h3><span class=\"headline\">Coaching rodzicielski to przestrze\u0144 dla Ciebie jako rodzica, w kt\u00f3rej mo\u017cesz \u015bwiadomie przyjrze\u0107 si\u0119 swojej roli, warto\u015bciom i wyzwaniom. Pomaga okre\u015bli\u0107, jakim rodzicem chcesz by\u0107, zrozumie\u0107, gdzie jeste\u015b teraz, oraz odkry\u0107 zasoby, kt\u00f3re ju\u017c masz, by budowa\u0107 autentyczne, pe\u0142ne zrozumienia relacje w rodzinie. To proces, kt\u00f3ry wspiera Ci\u0119 w dzia\u0142aniu w zgodzie ze sob\u0105, jednocze\u015bnie daj\u0105c narz\u0119dzia do wprowadzania zmian tam, gdzie czujesz, \u017ce s\u0105 potrzebne.<\/span><\/h3><\/div><\/header><div class=\"btClear btSeparator topSmallSpaced noBorder\" ><hr><\/div><\/div><\/div><div class=\"rowItem rowInnerItem col-sm-3  btTextCenter inherit btTextIndent animate animate-fadein\"  ><div class=\"rowItemContent\"><div class=\"btClear btSeparator topSmallSpaced noBorder\" ><hr><\/div><div class=\"btIconImageRow\" ><span class=\"btIco btIcoDefaultType btIcoMediumSize btIcoAccentColor\"><span  data-ico-fa=\"&#xf1b3;\" class=\"btIcoHolder\"><\/span><\/span><\/div><div class=\"btClear btSeparator topSemiSpaced noBorder\" ><hr><\/div><header class=\"header btClear medium\" ><div class=\"dash\"><h3><span class=\"headline\">Komunikacja z dzieckiem w duchu Porozumienia bez Przemocy to spos\u00f3b budowania relacji oparty na wzajemnym zrozumieniu i szacunku. Obejmuje umiej\u0119tno\u015b\u0107 s\u0142uchania bez oceniania, \u015bwiadomo\u015b\u0107 i wyra\u017canie w\u0142asnych uczu\u0107 oraz potrzeb, a tak\u017ce dostrzeganie i respektowanie potrzeb dziecka. To tak\u017ce sztuka formu\u0142owania pr\u00f3\u015bb, radzenia sobie z odmow\u0105, udzielania wspieraj\u0105cego feedbacku i konstruktywnego rozwi\u0105zywania konflikt\u00f3w, by wzmacnia\u0107 wi\u0119zi i tworzy\u0107 atmosfer\u0119 wsp\u00f3\u0142pracy.<\/span><\/h3><\/div><\/header><div class=\"btClear btSeparator topSmallSpaced noBorder\" ><hr><\/div><\/div><\/div><div class=\"rowItem rowInnerItem col-sm-3  btTextCenter inherit btTextIndent animate animate-fadein\"  ><div class=\"rowItemContent\"><div class=\"btClear btSeparator topSmallSpaced noBorder\" ><hr><\/div><div class=\"btIconImageRow\" ><span class=\"btIco btIcoDefaultType btIcoMediumSize btIcoAccentColor\"><span  data-ico-fa=\"&#xf085;\" class=\"btIcoHolder\"><\/span><\/span><\/div><div class=\"btClear btSeparator topSemiSpaced noBorder\" ><hr><\/div><header class=\"header btClear medium\" ><div class=\"dash\"><h3><span class=\"headline\">Zrozumie\u0107 siebie by zrozumie\u0107 dziecko: jak by\u0107 szcz\u0119\u015bliwym rodzicem?<br \/><br>Twoje dziecko potrzebuje rodzica \u015bwiadomego i spe\u0142nionego. Zaopiekowanie si\u0119 w\u0142asnym wewn\u0119trznym dzieckiem i zadbanie o swoje potrzeby i zasoby wyjdzie na dobre i Tobie i Twojemu dziecku!<\/span><\/h3><\/div><\/header><div class=\"btClear btSeparator topSmallSpaced noBorder\" ><hr><\/div><\/div><\/div><div class=\"rowItem rowInnerItem col-sm-3  btTextCenter inherit btTextIndent animate animate-fadein\"  ><div class=\"rowItemContent\"><div class=\"btClear btSeparator topSmallSpaced noBorder\" ><hr><\/div><div class=\"btIconImageRow\" ><span class=\"btIco btIcoDefaultType btIcoMediumSize btIcoAccentColor\"><span  data-ico-fa=\"&#xf004;\" class=\"btIcoHolder\"><\/span><\/span><\/div><div class=\"btClear btSeparator topSmallSpaced noBorder\" ><hr><\/div><header class=\"header btClear medium\" ><div class=\"dash\"><h3><span class=\"headline\">Wsparcie dla rodzic\u00f3w dzieci w kryzysie i z zaburzeniami to przestrze\u0144 pe\u0142na empatii, zrozumienia i praktycznych narz\u0119dzi. Oferuj\u0119 indywidualne i grupowe sesje, kt\u00f3re pomagaj\u0105 rodzicom odnale\u017a\u0107 si\u0142\u0119, budowa\u0107 odporno\u015b\u0107 i skuteczne umiej\u0119tno\u015bci w opiece nad dzieckiem z zachowaniami autodestrukcyjnymi i trudno\u015bciami w regulacji emocji. To po\u0142\u0105czenie emocjonalnego wsparcia, akceptacji oraz konkretnych strategii, kt\u00f3re pomagaj\u0105 przetrwa\u0107 najtrudniejsze chwile, wzmacnia\u0107 relacj\u0119 z dzieckiem i realnie poprawiaj\u0105 codzienne \u017cycie rodziny.<\/span><\/h3><\/div><\/header><div class=\"btClear btSeparator topSmallSpaced noBorder\" ><hr><\/div><\/div><\/div><\/div><\/div><\/div><\/div><\/div><\/div><div class=\"boldRow \" ><div class=\"boldRowInner\"><\/div><\/div><\/div><\/div><\/div><\/section><section id=\"bt_section69d59157cf62d\"  class=\"boldSection gutter\" ><div class=\"port\"><div class=\"boldCell\"><div class=\"boldCellInner\"><div class=\"boldRow \" ><div class=\"boldRowInner\"><div class=\"rowItem col-md-12 col-ms-12  btTextLeft\"  data-width=\"12\"><div class=\"rowItemContent\" ><div class=\"btClear btSeparator topSemiSpaced noBorder\" ><hr><\/div><header class=\"header btClear medium btDash bottomDash\" ><div class=\"dash\"><h3><span class=\"headline\">Jeste\u015bmy gotowi wspiera\u0107 Ci\u0119 w misji towarzyszenia dziecku z mi\u0142o\u015bci\u0105 i m\u0105dro\u015bci\u0105.<\/span><\/h3><\/div><\/header><a href=\"#\" class=\"btBtn btBtn btnFilledStyle btnAccentColor btnSmall btnNormalWidth btnRightPosition btnNoIcon\" ><span class=\"btnInnerText\">tekst<\/span><\/a><\/div><\/div><\/div><\/div><\/div><\/div><\/div><\/section><\/p>\n","protected":false},"excerpt":{"rendered":"","protected":false},"author":2,"featured_media":3927,"parent":0,"menu_order":0,"comment_status":"closed","ping_status":"closed","template":"","meta":{"footnotes":""},"class_list":["post-4307","page","type-page","status-publish","has-post-thumbnail","hentry"],"aioseo_notices":[],"_links":{"self":[{"href":"https:\/\/communicating.life\/pl\/wp-json\/wp\/v2\/pages\/4307","targetHints":{"allow":["GET"]}}],"collection":[{"href":"https:\/\/communicating.life\/pl\/wp-json\/wp\/v2\/pages"}],"about":[{"href":"https:\/\/communicating.life\/pl\/wp-json\/wp\/v2\/types\/page"}],"author":[{"embeddable":true,"href":"https:\/\/communicating.life\/pl\/wp-json\/wp\/v2\/users\/2"}],"replies":[{"embeddable":true,"href":"https:\/\/communicating.life\/pl\/wp-json\/wp\/v2\/comments?post=4307"}],"version-history":[{"count":53,"href":"https:\/\/communicating.life\/pl\/wp-json\/wp\/v2\/pages\/4307\/revisions"}],"predecessor-version":[{"id":5285,"href":"https:\/\/communicating.life\/pl\/wp-json\/wp\/v2\/pages\/4307\/revisions\/5285"}],"wp:featuredmedia":[{"embeddable":true,"href":"https:\/\/communicating.life\/pl\/wp-json\/wp\/v2\/media\/3927"}],"wp:attachment":[{"href":"https:\/\/communicating.life\/pl\/wp-json\/wp\/v2\/media?parent=4307"}],"curies":[{"name":"wp","href":"https:\/\/api.w.org\/{rel}","templated":true}]}}