 {"id":4278,"date":"2019-09-10T09:40:13","date_gmt":"2019-09-10T07:40:13","guid":{"rendered":"https:\/\/communicating.life\/?page_id=4278"},"modified":"2025-02-08T20:36:21","modified_gmt":"2025-02-08T19:36:21","slug":"dla-kobiet","status":"publish","type":"page","link":"https:\/\/communicating.life\/pl\/dla-kobiet\/","title":{"rendered":"Dla kobiet"},"content":{"rendered":"<p><section id=\"bt_section69d5915eaed1d\" data-parallax=\"0.1\" data-parallax-offset=\"0\" class=\"boldSection gutter inherit btParallax wBackground cover\" style=\"background-image:url('https:\/\/communicating.life\/wp-content\/uploads\/2019\/09\/Pointsofyou-4.jpg');\"><div class=\"port\"><div class=\"boldCell\"><div class=\"boldCellInner\"><div class=\"boldRow \" ><div class=\"boldRowInner\"><div class=\"rowItem col-md-12 col-ms-12  btTextLeft\"  data-width=\"12\"><div class=\"rowItemContent\" ><div class=\"btClear btSeparator topSemiSpaced noBorder\" ><hr><\/div><div class=\"boldRow \" ><div class=\"boldRowInner\"><div class=\"rowItem rowInnerItem col-sm-4  btTextCenter btHighlight inherit btTextIndent animate animate-fadein\" style=\"btLightSkin\" ><div class=\"rowItemContent\"><div class=\"btIconImageRow btIconsHalfHoverPosition\" ><span class=\"btIco btIcoFilledType btIcoBigSize btIcoContrastColor\"><span  data-ico-fa=\"&#xf007;\" class=\"btIcoHolder\"><\/span><\/span><\/div><div class=\"btClear btSeparator topSmallSpaced noBorder\" ><hr><\/div><header class=\"header btClear medium\" ><div class=\"dash\"><h3><span class=\"headline\">Jak asertywnie m\u00f3wi\u0107 NIE? <\/span><\/h3><\/div><div class=\"btSubTitle\">Asertywnie, czyli z szacunkiem do siebie i drugiej osoby. Cho\u0107 wpojono kobietom \u017ce potrzeby innych s\u0105 na pierwszym miejscu, stawaj po swojej stronie!<\/div><\/header><div class=\"btClear btSeparator topSmallSpaced noBorder\" ><hr><\/div><\/div><\/div><div class=\"rowItem rowInnerItem col-sm-4  btTextCenter btHighlight inherit btTextIndent animate animate-fadein\" style=\"btLightSkin\" ><div class=\"rowItemContent\"><div class=\"btIconImageRow btIconsHalfHoverPosition\" ><span class=\"btIco btIcoFilledType btIcoBigSize btIcoContrastColor\"><span  data-ico-fa=\"&#xf058;\" class=\"btIcoHolder\"><\/span><\/span><\/div><div class=\"btClear btSeparator topSmallSpaced noBorder\" ><hr><\/div><header class=\"header btClear medium\" ><div class=\"dash\"><h3><span class=\"headline\">Podejmuj decyzje, kt\u00f3re Ci s\u0142u\u017c\u0105<\/span><\/h3><\/div><div class=\"btSubTitle\">Sposoby na skuteczn\u0105 priorytetyzacj\u0119 cel\u00f3w i spe\u0142nianie marze\u0144<br \/><br><\/div><\/header><div class=\"btClear btSeparator topSpaced noBorder\" ><hr><\/div><\/div><\/div><div class=\"rowItem rowInnerItem col-sm-4  btTextCenter btHighlight inherit btTextIndent animate animate-fadein\" style=\"btLightSkin\" ><div class=\"rowItemContent\"><div class=\"btIconImageRow btIconsHalfHoverPosition\" ><span class=\"btIco btIcoFilledType btIcoBigSize btIcoContrastColor\"><span  data-ico-fa=\"&#xf06e;\" class=\"btIcoHolder\"><\/span><\/span><\/div><div class=\"btClear btSeparator topSmallSpaced noBorder\" ><hr><\/div><header class=\"header btClear medium\" ><div class=\"dash\"><h3><span class=\"headline\">Dbam o siebie, aby zadba\u0107 o blisk\u0105 osob\u0119<\/span><\/h3><\/div><div class=\"btSubTitle\">czyli jak dba\u0107 o swoj\u0105 r\u00f3wnowag\u0119 i potrzeby w sytuacji przed\u0142u\u017caj\u0105cego si\u0119 stresu<\/div><\/header><div class=\"btClear btSeparator topSpaced noBorder\" ><hr><\/div><\/div><\/div><\/div><\/div><\/div><\/div><\/div><\/div><div class=\"boldRow \" ><div class=\"boldRowInner\"><div class=\"rowItem col-md-12 col-ms-12  btTextLeft\"  data-width=\"12\"><div class=\"rowItemContent\" ><div class=\"boldRow \" ><div class=\"boldRowInner\"><div class=\"rowItem rowInnerItem col-sm-3  btTextCenter btHighlight inherit btTextIndent animate animate-fadein\" style=\"btLightSkin\" ><div class=\"rowItemContent\"><div class=\"btIconImageRow btIconsHalfHoverPosition\" ><span class=\"btIco btIcoFilledType btIcoBigSize btIcoContrastColor\" style=\"btLightSkin\"><span  data-ico-fa=\"&#xf0e7;\" class=\"btIcoHolder\"><\/span><\/span><\/div><div class=\"btClear btSeparator topSmallSpaced noBorder\" ><hr><\/div><header class=\"header btClear medium\" ><div class=\"dash\"><h3><span class=\"headline\">Z\u0142o\u015b\u0107 to Tw\u00f3j najwi\u0119kszy skarb<\/span><\/h3><\/div><div class=\"btSubTitle\">&#8230;pod warunkiem \u017ce j\u0105 zrozumiesz i dobrze wykorzystasz!<\/div><\/header><div class=\"btClear btSeparator topSpaced noBorder\" ><hr><\/div><\/div><\/div><div class=\"rowItem rowInnerItem col-sm-3  btTextCenter btHighlight inherit btTextIndent animate animate-fadein\"  ><div class=\"rowItemContent\"><div class=\"btIconImageRow btIconsHalfHoverPosition\" ><span class=\"btIco btIcoFilledType btIcoBigSize btIcoContrastColor\"><span  data-ico-fa=\"&#xf0e6;\" class=\"btIcoHolder\"><\/span><\/span><\/div><div class=\"btClear btSeparator topSmallSpaced noBorder\" ><hr><\/div><header class=\"header btClear medium\" ><div class=\"dash\"><h3><span class=\"headline\">S\u0142owa mog\u0105 by\u0107 oknem lub \u015bcian\u0105<\/span><\/h3><\/div><div class=\"btSubTitle\">Naucz si\u0119 wyra\u017ca\u0107 siebie i budowa\u0107 zdrowe relacje w duchu Porozumienia bez Przemocy<\/div><\/header><div class=\"btClear btSeparator topSmallSpaced bottomSmallSpaced noBorder\" ><hr><\/div><\/div><\/div><div class=\"rowItem rowInnerItem col-sm-3  btTextCenter btHighlight inherit btTextIndent animate animate-fadein\"  ><div class=\"rowItemContent\"><div class=\"btIconImageRow btIconsHalfHoverPosition\" ><span class=\"btIco btIcoFilledType btIcoBigSize btIcoContrastColor\"><span  data-ico-fa=\"&#xf00d;\" class=\"btIcoHolder\"><\/span><\/span><\/div><div class=\"btClear btSeparator topSmallSpaced noBorder\" ><hr><\/div><header class=\"header btClear medium\" ><div class=\"dash\"><h3><span class=\"headline\">Czy Twoje wszystkie przekonania s\u0105&#8230; Twoje?<\/span><\/h3><\/div><div class=\"btSubTitle\">I czy wszystkie Ci s\u0142u\u017c\u0105?&#8230; Je\u015bli nie, to mo\u017cemy je zmieni\u0107 \ud83d\ude42<br \/><br><\/div><\/header><div class=\"btClear btSeparator topSmallSpaced noBorder\" ><hr><\/div><\/div><\/div><div class=\"rowItem rowInnerItem col-sm-3  btTextCenter btHighlight inherit btTextIndent animate animate-fadein\"  ><div class=\"rowItemContent\"><div class=\"btIconImageRow btIconsHalfHoverPosition\" ><span class=\"btIco btIcoFilledType btIcoBigSize btIcoContrastColor\"><span  data-ico-fa=\"&#xf277;\" class=\"btIcoHolder\"><\/span><\/span><\/div><div class=\"btClear btSeparator topSmallSpaced noBorder\" ><hr><\/div><header class=\"header btClear medium\" ><div class=\"dash\"><h3><span class=\"headline\">Wsparcie w przemianach \u017cyciowych<\/span><\/h3><\/div><div class=\"btSubTitle\">ma\u0142ych i du\u017cych. Pomog\u0119 Ci zamkn\u0105\u0107 jedne drzwi, by otworzy\u0107 nowe.<\/div><\/header><div class=\"btClear btSeparator topSmallSpaced bottomSmallSpaced noBorder\" ><hr><\/div><\/div><\/div><\/div><\/div><div class=\"btClear btSeparator topSemiSpaced noBorder\" ><hr><\/div><\/div><\/div><\/div><\/div><\/div><\/div><\/div><\/section><section id=\"bt_section69d5915eafb68\"  class=\"boldSection gutter\" ><div class=\"port\"><div class=\"boldCell\"><div class=\"boldCellInner\"><\/div><\/div><\/div><\/section><\/p>\n","protected":false},"excerpt":{"rendered":"","protected":false},"author":2,"featured_media":3939,"parent":0,"menu_order":0,"comment_status":"closed","ping_status":"closed","template":"","meta":{"footnotes":""},"class_list":["post-4278","page","type-page","status-publish","has-post-thumbnail","hentry"],"aioseo_notices":[],"_links":{"self":[{"href":"https:\/\/communicating.life\/pl\/wp-json\/wp\/v2\/pages\/4278","targetHints":{"allow":["GET"]}}],"collection":[{"href":"https:\/\/communicating.life\/pl\/wp-json\/wp\/v2\/pages"}],"about":[{"href":"https:\/\/communicating.life\/pl\/wp-json\/wp\/v2\/types\/page"}],"author":[{"embeddable":true,"href":"https:\/\/communicating.life\/pl\/wp-json\/wp\/v2\/users\/2"}],"replies":[{"embeddable":true,"href":"https:\/\/communicating.life\/pl\/wp-json\/wp\/v2\/comments?post=4278"}],"version-history":[{"count":36,"href":"https:\/\/communicating.life\/pl\/wp-json\/wp\/v2\/pages\/4278\/revisions"}],"predecessor-version":[{"id":5272,"href":"https:\/\/communicating.life\/pl\/wp-json\/wp\/v2\/pages\/4278\/revisions\/5272"}],"wp:featuredmedia":[{"embeddable":true,"href":"https:\/\/communicating.life\/pl\/wp-json\/wp\/v2\/media\/3939"}],"wp:attachment":[{"href":"https:\/\/communicating.life\/pl\/wp-json\/wp\/v2\/media?parent=4278"}],"curies":[{"name":"wp","href":"https:\/\/api.w.org\/{rel}","templated":true}]}}