 {"id":3407,"date":"2019-08-23T10:50:14","date_gmt":"2019-08-23T08:50:14","guid":{"rendered":"https:\/\/communicating.life\/?page_id=3407"},"modified":"2019-12-17T13:40:00","modified_gmt":"2019-12-17T12:40:00","slug":"coaching-oparty-na-potrzebach","status":"publish","type":"page","link":"https:\/\/communicating.life\/pl\/coaching-oparty-na-potrzebach\/","title":{"rendered":"Coaching oparty na potrzebach"},"content":{"rendered":"<section id=\"bt_section69d5af4b6c635\" data-parallax=\"0.1\" data-parallax-offset=\"0\" class=\"boldSection topSpaced bottomSpaced gutter inherit btParallax wBackground cover\" style=\"background-image:url('https:\/\/communicating.life\/wp-content\/uploads\/2019\/08\/untitled-9219.jpg');\"><div class=\"port\"><div class=\"boldCell\"><div class=\"boldCellInner\"><div class=\"boldRow \" ><div class=\"boldRowInner\"><div class=\"rowItem col-md-12 col-ms-12  btTextLeft inherit\" style=\"background-color: rgba(255, 255, 255, 0.7); \" data-width=\"12\"><div class=\"rowItemContent\" ><div class=\"btClear btSeparator topSmallSpaced bottomSmallSpaced noBorder\" ><hr><\/div><header class=\"header btClear extralarge\" ><div class=\"dash\"><\/div><div class=\"btSubTitle\">Coach to osoba, kt\u00f3ra zauwa\u017ca Tw\u00f3j potencja\u0142 i wierzy w Ciebie. Sesje z coachem to przyjrzenie si\u0119 sobie z r\u00f3\u017cnych perspektyw: przysz\u0142o\u015bci, warto\u015bci, drogi, czasu, spe\u0142nienia, marze\u0144 i uznania dla tego czego ju\u017c dokona\u0142a\u015b\/dokona\u0142e\u015b.<\/p><br><p>Jako coach pomog\u0119 Ci zauwa\u017cy\u0107 Twoje potrzeby i warto\u015bci, oraz wespr\u0119 Ci\u0119 w szukaniu optymalnych, indywidualnych strategii wcielania ich w \u017cycie zawodowe i\/lub prywatne.<\/p><br><p>Sesje coachingowe mog\u0105 by\u0107 prowadzone indywidualnie lub grupowo, gdzie energia grupy wzbogaca i wzmacnia procesy jednostkowe.<\/p><br><p>1 sesja (75 minut) life coaching: 200 z\u0142<br \/><br>pakiet 4 sesji: 750 z\u0142<\/div><\/header><div class=\"btClear btSeparator topSmallSpaced noBorder\" ><hr><\/div><\/div><\/div><\/div><\/div><\/div><\/div><\/div><\/section>\n","protected":false},"excerpt":{"rendered":"","protected":false},"author":2,"featured_media":0,"parent":0,"menu_order":0,"comment_status":"closed","ping_status":"closed","template":"","meta":{"footnotes":""},"class_list":["post-3407","page","type-page","status-publish","hentry"],"aioseo_notices":[],"_links":{"self":[{"href":"https:\/\/communicating.life\/pl\/wp-json\/wp\/v2\/pages\/3407","targetHints":{"allow":["GET"]}}],"collection":[{"href":"https:\/\/communicating.life\/pl\/wp-json\/wp\/v2\/pages"}],"about":[{"href":"https:\/\/communicating.life\/pl\/wp-json\/wp\/v2\/types\/page"}],"author":[{"embeddable":true,"href":"https:\/\/communicating.life\/pl\/wp-json\/wp\/v2\/users\/2"}],"replies":[{"embeddable":true,"href":"https:\/\/communicating.life\/pl\/wp-json\/wp\/v2\/comments?post=3407"}],"version-history":[{"count":3,"href":"https:\/\/communicating.life\/pl\/wp-json\/wp\/v2\/pages\/3407\/revisions"}],"predecessor-version":[{"id":4225,"href":"https:\/\/communicating.life\/pl\/wp-json\/wp\/v2\/pages\/3407\/revisions\/4225"}],"wp:attachment":[{"href":"https:\/\/communicating.life\/pl\/wp-json\/wp\/v2\/media?parent=3407"}],"curies":[{"name":"wp","href":"https:\/\/api.w.org\/{rel}","templated":true}]}}