 {"id":3389,"date":"2019-08-23T10:40:02","date_gmt":"2019-08-23T08:40:02","guid":{"rendered":"https:\/\/communicating.life\/?page_id=3389"},"modified":"2019-09-09T15:03:12","modified_gmt":"2019-09-09T13:03:12","slug":"komunikacja-empatyczna","status":"publish","type":"page","link":"https:\/\/communicating.life\/pl\/komunikacja-empatyczna\/","title":{"rendered":"Komunikacja bez przemocy"},"content":{"rendered":"<section id=\"bt_section69d591573f6d7\" data-parallax=\"0.1\" data-parallax-offset=\"0\" class=\"boldSection topSpaced bottomSpaced gutter inherit btParallax wBackground cover\" style=\"background-image:url('https:\/\/communicating.life\/wp-content\/uploads\/2019\/08\/4-DSC_0002-2.jpg');\"><div class=\"port\"><div class=\"boldCell\"><div class=\"boldCellInner\"><div class=\"boldRow \" ><div class=\"boldRowInner\"><div class=\"rowItem col-md-12 col-ms-12  btTextLeft inherit\" style=\"background-color: rgba(255, 255, 255, 0.7); \" data-width=\"12\"><div class=\"rowItemContent\" ><div class=\"btClear btSeparator topSmallSpaced bottomSmallSpaced noBorder\" ><hr><\/div><header class=\"header btClear extralarge\" ><div class=\"dash\"><\/div><div class=\"btSubTitle\">Jest to taki spos\u00f3b komunikowania si\u0119, w kt\u00f3rym s\u0142yszymy potrzeby stoj\u0105ce za trudnymi s\u0142owami i zachowaniami.<\/p><br><p>Dzi\u0119ki umiej\u0119tno\u015bci s\u0142uchania i rozumienia potrzeb &#8211; swoich i czyi\u015b, zauwa\u017camy siebie oraz cz\u0142owiecze\u0144stwo drugiej osoby. Na p\u0142aszczy\u017anie potrzeb &#8211; uniwersalnych, czyli wsp\u00f3lnych dla wszystkich ludzi, wypowiadamy si\u0119 NIE RANI\u0104C innych i formu\u0142ujemy pro\u015bby szukaj\u0105c rozwi\u0105za\u0144 dobrych dla obu stron.<\/p><br><p>Filozofia ta, nazwana przez Marshalla Rosenberga Porozumienie bez Przemocy (NONVIOLENT COMMUNICATION, NVC) jest podstaw\u0105 mediacji i sprawiedliwo\u015bci naprawczej wsz\u0119dzie tam gdzie szukamy trwa\u0142ego porozumienia, opartego na wzajemnym szacunku, zrozumieniu i autentyczno\u015bci<\/div><\/header><div class=\"btClear btSeparator topSmallSpaced bottomSmallSpaced noBorder\" ><hr><\/div><\/div><\/div><\/div><\/div><\/div><\/div><\/div><\/section>\n","protected":false},"excerpt":{"rendered":"","protected":false},"author":2,"featured_media":0,"parent":0,"menu_order":0,"comment_status":"closed","ping_status":"closed","template":"","meta":{"footnotes":""},"class_list":["post-3389","page","type-page","status-publish","hentry"],"aioseo_notices":[],"_links":{"self":[{"href":"https:\/\/communicating.life\/pl\/wp-json\/wp\/v2\/pages\/3389","targetHints":{"allow":["GET"]}}],"collection":[{"href":"https:\/\/communicating.life\/pl\/wp-json\/wp\/v2\/pages"}],"about":[{"href":"https:\/\/communicating.life\/pl\/wp-json\/wp\/v2\/types\/page"}],"author":[{"embeddable":true,"href":"https:\/\/communicating.life\/pl\/wp-json\/wp\/v2\/users\/2"}],"replies":[{"embeddable":true,"href":"https:\/\/communicating.life\/pl\/wp-json\/wp\/v2\/comments?post=3389"}],"version-history":[{"count":7,"href":"https:\/\/communicating.life\/pl\/wp-json\/wp\/v2\/pages\/3389\/revisions"}],"predecessor-version":[{"id":4266,"href":"https:\/\/communicating.life\/pl\/wp-json\/wp\/v2\/pages\/3389\/revisions\/4266"}],"wp:attachment":[{"href":"https:\/\/communicating.life\/pl\/wp-json\/wp\/v2\/media?parent=3389"}],"curies":[{"name":"wp","href":"https:\/\/api.w.org\/{rel}","templated":true}]}}