 {"id":2136,"date":"2016-09-13T11:10:41","date_gmt":"2016-09-13T11:10:41","guid":{"rendered":"http:\/\/organic-food.omnicom-dev.com\/main-demo\/?page_id=2136"},"modified":"2019-08-23T13:32:20","modified_gmt":"2019-08-23T11:32:20","slug":"oferta","status":"publish","type":"page","link":"https:\/\/communicating.life\/pl\/oferta\/","title":{"rendered":"Oferta"},"content":{"rendered":"<p><section id=\"bt_section69d5c211e11e7\"  class=\"boldSection btLightSkin gutter inherit\" ><div class=\"port\"><div class=\"boldCell\"><div class=\"boldCellInner\"><div class=\"boldRow \" ><div class=\"boldRowInner\"><div class=\"rowItem col-md-9 col-ms-12  btTextLeft animate animate-fadein inherit\"  data-width=\"9\"><div class=\"rowItemContent\" ><header class=\"header btClear extralarge\" ><div class=\"dash\"><h1><span class=\"headline\">Dla <b class=\"animate\">szk\u00f3\u0142 i firm<\/b><\/span><\/h1><\/div><div class=\"btSubTitle\">Oto warsztaty, kt\u00f3re proponuj\u0119 u siebie oraz w szko\u0142ach i firmach:<\/div><\/header><\/div><\/div><div class=\"rowItem col-md-3 col-sm-6 col-ms-12 btTextLeft animate animate-fadein inherit\"  data-width=\"3\"><div class=\"rowItemContent\" ><\/div><\/div><\/div><\/div><div class=\"boldRow \" ><div class=\"boldRowInner\"><div class=\"rowItem col-md-4 col-ms-12 btTextLeft\"  data-width=\"4\"><div class=\"rowItemContent\" ><div class=\"btText\" ><\/p>\n<ul>\n<li>komunikacja empatyczna (NVC)<\/li>\n<\/ul>\n<p>\n<\/div><div class=\"btText\" ><\/p>\n<ul>\n<li>umiej\u0119tno\u015b\u0107 s\u0142uchania<\/li>\n<\/ul>\n<p>\n<\/div><div class=\"btText\" ><\/p>\n<ul>\n<li>podejmowanie decyzji a l\u0119k przed zmian\u0105<\/li>\n<\/ul>\n<p>\n<\/div><div class=\"btText\" ><\/p>\n<ul>\n<li>umiej\u0119tno\u015bci rodzicielskie,<\/li>\n<\/ul>\n<p>\n<\/div><div class=\"btText\" ><\/p>\n<ul>\n<li>coaching \u2013 pomoc w dostrze\u017ceniu swojego potencja\u0142u, okre\u015bleniu celu i zaplanowaniu jego realizacji<\/li>\n<\/ul>\n<p>\n<\/div><\/div><\/div><div class=\"rowItem col-md-4 col-ms-12 btTextLeft\"  data-width=\"4\"><div class=\"rowItemContent\" ><div class=\"btText\" ><\/p>\n<ul>\n<li>\u00a0 rozwi\u0105zywanie konflikt\u00f3w,<\/li>\n<\/ul>\n<p>\n<\/div><div class=\"btText\" ><\/p>\n<ul>\n<li>asertywno\u015b\u0107 &#8211; warsztaty dla kobiet!!!<\/li>\n<\/ul>\n<p>\n<\/div><div class=\"btText\" ><\/p>\n<ul>\n<li>przemiany \u017cyciowe<\/li>\n<\/ul>\n<p>\n<\/div><div class=\"btText\" ><\/p>\n<ul>\n<li>wyra\u017canie siebie, formu\u0142owanie pr\u00f3\u015bb<\/li>\n<\/ul>\n<p>\n<\/div><div class=\"btText\" ><\/p>\n<ul>\n<li>spotkania w duchu empatii ( ach jak dobrze si\u0119 wygada\u0107 w bezpiecznych warunkach!)<\/li>\n<\/ul>\n<p>\n<\/div><\/div><\/div><div class=\"rowItem col-md-4 col-ms-12 btTextLeft\"  data-width=\"4\"><div class=\"rowItemContent\" ><div class=\"btText\" ><\/p>\n<ul>\n<li>radzenie sobie z emocjami (z\u0142o\u015b\u0107, \u017cal, poczucie winy, wewn\u0119trzny krytyk, \u017ca\u0142oba)<\/li>\n<\/ul>\n<p>\n<\/div><div class=\"btText\" ><\/p>\n<ul>\n<li>\n<p id=\"yui_3_17_2_1_1566298291923_193\" class=\"\">wybaczanie<\/p>\n<\/li>\n<\/ul>\n<p>\n<\/div><div class=\"btText\" ><\/p>\n<ul>\n<li>krytyk wewn\u0119trzny,<\/li>\n<\/ul>\n<p>\n<\/div><div class=\"btText\" ><\/p>\n<ul>\n<li>praca z ograniczaj\u0105cymi przekonaniami<\/li>\n<\/ul>\n<p>\n<\/div><\/div><\/div><\/div><\/div><\/div><\/div><\/div><\/section><section id=\"bt_section69d5c211e1b15\"  class=\"boldSection btLightSkin fullScreenHeight inherit\" ><div class=\"port\"><div class=\"boldCell\"><div class=\"boldCellInner\"><div class=\"boldRow \" ><div class=\"boldRowInner\"><div class=\"rowItem col-md-12 col-ms-12  btTextLeft animate animate-fadein inherit\"  data-width=\"12\"><div class=\"rowItemContent\" ><div class=\"btClear btSeparator topSemiSpaced noBorder\" ><hr><\/div><header class=\"header btClear extralarge\" ><div class=\"dash\"><h1><span class=\"headline\">Warsztaty <b class=\"animate\">grupowe<\/b><\/span><\/h1><\/div><div class=\"btSubTitle\">Oto warsztaty, kt\u00f3re proponuj\u0119:<\/p><br><p><\/div><\/header><\/div><\/div><\/div><\/div><div class=\"boldRow \" ><div class=\"boldRowInner\"><div class=\"rowItem col-md-4 col-ms-12 btTextLeft animate animate-fadein inherit\"  data-width=\"4\"><div class=\"rowItemContent\" ><div class=\"btText\" ><\/p>\n<ul>\n<li>Jak wyra\u017ca\u0107 pro\u015bby w trosce o w\u0142asne potrzeby i z poszanowaniem innych?<\/li>\n<\/ul>\n<p>\n<\/div><div class=\"btText\" ><\/p>\n<ul>\n<li>\u201cNIE!\u201d pocz\u0105tkiem dialogu. Jak przeku\u0107 konflikt na porozumienie?<\/li>\n<\/ul>\n<p>\n<\/div><div class=\"btText\" ><\/p>\n<ul>\n<li>Praca z wrogim obrazem drugiej osoby.<\/li>\n<\/ul>\n<p>\n<\/div><div class=\"btText\" ><\/p>\n<ul>\n<li>Z\u0142o\u015b\u0107 jak przeku\u0107 j\u0105 na komunikacj\u0119?<\/li>\n<\/ul>\n<p>\n<\/div><div class=\"btClear btSeparator topSemiSpaced bottomSemiSpaced border\" ><hr><\/div><\/div><\/div><div class=\"rowItem col-md-4 col-ms-12 btTextLeft\"  data-width=\"4\"><div class=\"rowItemContent\" ><div class=\"btText\" ><\/p>\n<ul>\n<li>S\u0142owa mog\u0105 by\u0107 oknem lub \u015bcian\u0105. Jak wyra\u017ca\u0107 siebie buduj\u0105c porozumienie? (Porozumienie bez Przemocy).<\/li>\n<\/ul>\n<p>\n<\/div><div class=\"btText\" ><\/p>\n<ul>\n<li>\u00a0Praca z ograniczaj\u0105cymi przekonaniami.<\/li>\n<\/ul>\n<p>\n<\/div><div class=\"btText\" ><\/p>\n<ul>\n<li>Zamkn\u0105\u0107 jedne drzwi by otworzy\u0107 nast\u0119pne. Jak sobie radzi\u0107 z przemianami \u017cyciowymi?<\/li>\n<\/ul>\n<p>\n<\/div><div class=\"btText\" ><\/p>\n<ul>\n<li>Praca z krytykiem wewn\u0119trznym<\/li>\n<\/ul>\n<p>\n<\/div><div class=\"btClear btSeparator bottomSemiSpaced noBorder\" ><hr><\/div><\/div><\/div><div class=\"rowItem col-md-4 col-ms-12 btTextLeft\"  data-width=\"4\"><div class=\"rowItemContent\" ><div class=\"btText\" ><\/p>\n<ul>\n<li>S\u0142ucham czy s\u0142ysz\u0119? Sztuka prawdziwego s\u0142uchania<\/li>\n<\/ul>\n<p>\n<\/div><div class=\"btText\" ><\/p>\n<ul>\n<li>Jak si\u0119 dogada\u0107 \u2013 4 kroki Porozumienia bez Przemocy (komunikacji empatycznej)<\/li>\n<\/ul>\n<p>\n<\/div><div class=\"btText\" ><\/p>\n<ul>\n<li>Zrozumie\u0107 siebie by zrozumie\u0107 dziecko. Warsztat umiej\u0119tno\u015bci rodzicielskich<\/li>\n<\/ul>\n<p>\n<\/div><div class=\"btText\" ><\/p>\n<ul>\n<li>Podejmowanie decyzji \u2013 pytania kt\u00f3re pomagaj\u0105.<\/li>\n<\/ul>\n<p>\n<\/div><div class=\"btClear btSeparator bottomSemiSpaced noBorder\" ><hr><\/div><\/div><\/div><\/div><\/div><div class=\"boldRow \" ><div class=\"boldRowInner\"><div class=\"rowItem col-md-8 col-ms-12 btTextLeft\"  data-width=\"8\"><div class=\"rowItemContent\" ><div class=\"btText\" ><\/p>\n<ul>\n<li><strong>grupy od 5 do 20 os\u00f3b<\/strong><\/li>\n<li><strong>warsztaty jednorazowe oraz serie warsztat\u00f3w (szko\u0142y, instytucje, firmy, osoby niepracuj\u0105ce\u2026)<\/strong><\/li>\n<li><strong>kontrakt grupowy: poufno\u015b\u0107, empatia, w\u0142asne tempo, wzajemny szacunek<\/strong><\/li>\n<li><strong>warsztaty prowadzone metod\u0105 coachingow\u0105 i utrzymane w nurcie Porozumienia bez Przemocy (Nonviolent Communication)<\/strong><\/li>\n<\/ul>\n<p>\n<\/div><div class=\"btClear btSeparator bottomSemiSpaced noBorder\" ><hr><\/div><\/div><\/div><div class=\"rowItem col-md-4 col-ms-12 btTextLeft\"  data-width=\"4\"><div class=\"rowItemContent\" ><div class=\"bpgPhoto  btHasComplexContent\" ><div class = \"btImage\"><img decoding=\"async\" src=\"https:\/\/communicating.life\/wp-content\/uploads\/2019\/08\/warsztaty_Photos.jpg\" alt=\"\" title=\"warsztaty_Photos\"><\/div><\/div><\/div><\/div><\/div><\/div><div class=\"boldRow \" ><div class=\"boldRowInner\"><\/div><\/div><div class=\"boldRow \" ><div class=\"boldRowInner\"><\/div><\/div><div class=\"boldRow \" ><div class=\"boldRowInner\"><\/div><\/div><\/div><\/div><\/div><\/section><section id=\"bt_section69d5c211e29e6\"  class=\"boldSection bottomSemiSpaced fullScreenHeight inherit\" ><div class=\"port\"><div class=\"boldCell\"><div class=\"boldCellInner\"><div class=\"boldRow \" ><div class=\"boldRowInner\"><div class=\"rowItem col-md-12 col-ms-12  btTextLeft animate animate-fadein inherit\"  data-width=\"12\"><div class=\"rowItemContent\" ><div class=\"btClear btSeparator bottomSmallSpaced noBorder\" ><hr><\/div><header class=\"header btClear extralarge\" ><div class=\"dash\"><h1><span class=\"headline\">Sesje indywidualne i w parach dla <b class=\"animate\">dzieci<\/b>, <b class=\"animate\">m\u0142odzie\u017cy<\/b> i <b class=\"animate\">doros\u0142ych<\/b><\/span><\/h1><\/div><\/header><div class=\"btClear btSeparator topSmallSpaced noBorder\" ><hr><\/div><div class=\"btText\" ><\/p>\n<ul>\n<li><strong>sesje dotycz\u0105ce usprawnienia komunikacji, radzenia sobie z emocjami, narz\u0119dzi rozwi\u0105zywania konflikt\u00f3w, wst\u0119p do mediacji<\/strong><\/li>\n<li><strong>mediacje w parach<\/strong><\/li>\n<li><strong>sesje coachingowe: aby pom\u00f3c Klientowi odnale\u017a\u0107 jego wewn\u0119trzn\u0105 moc, potencja\u0142 i przekonanie o tym \u017ce nie tylko \u201cda rad\u0119\u201d, ale te\u017c mo\u017ce zaj\u015b\u0107 tak daleko jak tylko o\u015bmieli si\u0119 wymarzy\u0107<\/strong><\/li>\n<li><strong>praca z foto coachingiem &#8211; przy u\u017cyciu kart coachingowych Points of You oraz zdj\u0119\u0107 coacha i w\u0142asnych<\/strong><\/li>\n<\/ul>\n<p>\n<\/div><div class=\"btClear btSeparator bottomSmallSpaced noBorder\" ><hr><\/div><\/div><\/div><\/div><\/div><\/div><\/div><\/div><\/section><section id=\"bt_section69d5c211e2d01\"  class=\"boldSection gutter\" ><div class=\"port\"><div class=\"boldCell\"><div class=\"boldCellInner\"><div class=\"boldRow \" ><div class=\"boldRowInner\"><div class=\"rowItem col-md-12 col-ms-12  btTextLeft\"  data-width=\"12\"><div class=\"rowItemContent\" ><div class=\"btClear btSeparator noBorder\" ><hr><\/div><header class=\"header btClear extralarge\" ><div class=\"dash\"><h1><span class=\"headline\">Rozwi\u0105zywanie <b class=\"animate\"> konflikt\u00f3w <\/b> grupowych kr\u0119gi naprawcze<\/span><\/h1><\/div><\/header><div class=\"btClear btSeparator topSmallSpaced noBorder\" ><hr><\/div><div class=\"btText\" ><\/p>\n<ul id=\"yui_3_17_2_1_1566298291923_279\" data-rte-list=\"default\">\n<li>\n<p class=\"\"><strong>z udzia\u0142em zainteresowanych stron: stworzenie takiej przestrzeni, aby ka\u017cda ze stron mia\u0142a mo\u017cliwo\u015b\u0107 wypowiedzie\u0107 si\u0119 i aby zosta\u0142a us\u0142yszana.<\/strong><\/p>\n<\/li>\n<li id=\"yui_3_17_2_1_1566298291923_278\">\n<p id=\"yui_3_17_2_1_1566298291923_277\" class=\"\"><strong>Kiedy potrzeby ka\u017cdej ze stron s\u0105 wyja\u015bnione, na tej p\u0142aszczy\u017anie poszukujemy rozwi\u0105za\u0144 kt\u00f3re s\u0105 zadowalaj\u0105ce dla wszystkich.<\/strong><\/p>\n<\/li>\n<li>\n<p class=\"\"><strong>szukamy rozwi\u0105za\u0144 win-win, gdy\u017c tylko takie mo\u017cna uzna\u0107 za zako\u0144czenie konfliktu<\/strong><\/p>\n<\/li>\n<\/ul>\n<p>\n<\/div><div class=\"btClear btSeparator bottomSemiSpaced noBorder\" ><hr><\/div><div class=\"btClear btSeparator bottomSemiSpaced noBorder\" ><hr><\/div><\/div><\/div><\/div><\/div><\/div><\/div><\/div><\/section><\/p>\n","protected":false},"excerpt":{"rendered":"<p>\t\t\t\tVeggies es bonus vobis, proinde vos postulo essum magis kohlrabi welsh onion daikon amaranth tatsoi tomatillo melon azuki bean garlic.\t\t<\/p>\n","protected":false},"author":1,"featured_media":0,"parent":0,"menu_order":0,"comment_status":"closed","ping_status":"closed","template":"","meta":{"footnotes":""},"class_list":["post-2136","page","type-page","status-publish","hentry"],"aioseo_notices":[],"_links":{"self":[{"href":"https:\/\/communicating.life\/pl\/wp-json\/wp\/v2\/pages\/2136","targetHints":{"allow":["GET"]}}],"collection":[{"href":"https:\/\/communicating.life\/pl\/wp-json\/wp\/v2\/pages"}],"about":[{"href":"https:\/\/communicating.life\/pl\/wp-json\/wp\/v2\/types\/page"}],"author":[{"embeddable":true,"href":"https:\/\/communicating.life\/pl\/wp-json\/wp\/v2\/users\/1"}],"replies":[{"embeddable":true,"href":"https:\/\/communicating.life\/pl\/wp-json\/wp\/v2\/comments?post=2136"}],"version-history":[{"count":50,"href":"https:\/\/communicating.life\/pl\/wp-json\/wp\/v2\/pages\/2136\/revisions"}],"predecessor-version":[{"id":3694,"href":"https:\/\/communicating.life\/pl\/wp-json\/wp\/v2\/pages\/2136\/revisions\/3694"}],"wp:attachment":[{"href":"https:\/\/communicating.life\/pl\/wp-json\/wp\/v2\/media?parent=2136"}],"curies":[{"name":"wp","href":"https:\/\/api.w.org\/{rel}","templated":true}]}}