 {"id":1675,"date":"2016-08-01T14:32:09","date_gmt":"2016-08-01T14:32:09","guid":{"rendered":"http:\/\/finance.omnicom-dev.com\/main-demo\/?page_id=1675"},"modified":"2025-02-04T19:28:45","modified_gmt":"2025-02-04T18:28:45","slug":"kontakt","status":"publish","type":"page","link":"https:\/\/communicating.life\/pl\/kontakt\/","title":{"rendered":"Kontakt"},"content":{"rendered":"<section id=\"bt_section69d5a7d92a42f\" data-parallax=\"0.8\" data-parallax-offset=\"0\" class=\"boldSection topSpaced bottomSpaced btLightSkin gutter inherit btParallax wBackground cover\" style=\"background-color:#f2efe6;background-image:url('https:\/\/communicating.life\/wp-content\/uploads\/2019\/08\/Montaigu2016-5725.jpg');\"><div class=\"port\"><div class=\"boldCell\"><div class=\"boldCellInner\"><div class=\"boldRow \" ><div class=\"boldRowInner\"><div class=\"rowItem col-md-6 col-sm-12 btTextLeft animate animate-fadein btHighlight inherit btDoublePadding btLightSkin\"  data-width=\"6\"><div class=\"rowItemContent\" style = \"background-color: rgba(255, 255, 255, 0.8); \"><div class=\"btClear btSeparator topSemiSpaced noBorder\" ><hr><\/div><header class=\"header btClear extralarge\" ><div class=\"btSuperTitle\"><span>komunikacja mediacja coaching<\/span><\/div><div class=\"dash\"><h1><span class=\"headline\">Aleksandra Tomaszewska-Roussiere<\/span><\/h1><\/div><div class=\"btSubTitle\">Aby um\u00f3wi\u0107 si\u0119 na spotkanie, wype\u0142nij formularz:<\/div><\/header><div class=\"btClear btSeparator topSmallSpaced noBorder\" ><hr><\/div><div class=\"btText\" ><\/p>\n<div class=\"wpcf7 no-js\" id=\"wpcf7-f4713-o1\" lang=\"pl-PL\" dir=\"ltr\" data-wpcf7-id=\"4713\">\n<div class=\"screen-reader-response\">\n<p role=\"status\" aria-live=\"polite\" aria-atomic=\"true\">\n<ul><\/ul>\n<\/div>\n<form action=\"\/pl\/wp-json\/wp\/v2\/pages\/1675#wpcf7-f4713-o1\" method=\"post\" class=\"wpcf7-form init\" aria-label=\"Formularz kontaktowy\" novalidate=\"novalidate\" data-status=\"init\">\n<div style=\"display: none;\">\n<input type=\"hidden\" name=\"_wpcf7\" value=\"4713\" \/><br \/>\n<input type=\"hidden\" name=\"_wpcf7_version\" value=\"6.0.3\" \/><br \/>\n<input type=\"hidden\" name=\"_wpcf7_locale\" value=\"pl_PL\" \/><br \/>\n<input type=\"hidden\" name=\"_wpcf7_unit_tag\" value=\"wpcf7-f4713-o1\" \/><br \/>\n<input type=\"hidden\" name=\"_wpcf7_container_post\" value=\"0\" \/><br \/>\n<input type=\"hidden\" name=\"_wpcf7_posted_data_hash\" value=\"\" \/><br \/>\n<input type=\"hidden\" name=\"_wpcf7_recaptcha_response\" value=\"\" \/>\n<\/div>\n<p>Imi\u0119*\n<\/p>\n<p><span class=\"wpcf7-form-control-wrap\" data-name=\"your-name\"><input size=\"40\" maxlength=\"400\" class=\"wpcf7-form-control wpcf7-text wpcf7-validates-as-required\" aria-required=\"true\" aria-invalid=\"false\" value=\"\" type=\"text\" name=\"your-name\" \/><\/span>\n<\/p>\n<p>E-mail*\n<\/p>\n<p><span class=\"wpcf7-form-control-wrap\" data-name=\"your-email\"><input size=\"40\" maxlength=\"400\" class=\"wpcf7-form-control wpcf7-email wpcf7-validates-as-required wpcf7-text wpcf7-validates-as-email\" aria-required=\"true\" aria-invalid=\"false\" value=\"\" type=\"email\" name=\"your-email\" \/><\/span>\n<\/p>\n<p>Wiadomo\u015b\u0107\n<\/p>\n<p><span class=\"wpcf7-form-control-wrap\" data-name=\"your-message\"><textarea cols=\"40\" rows=\"5\" maxlength=\"2000\" class=\"wpcf7-form-control wpcf7-textarea\" aria-invalid=\"false\" name=\"your-message\"><\/textarea><\/span>\n<\/p>\n<p><input class=\"wpcf7-form-control wpcf7-submit has-spinner\" type=\"submit\" value=\"Wy\u015blij\" \/>\n<\/p>\n<div class=\"wpcf7-response-output\" aria-hidden=\"true\"><\/div>\n<\/form>\n<\/div>\n<p>\n<\/div><div class=\"btClear btSeparator topSemiSpaced noBorder\" ><hr><\/div><\/div><\/div><div class=\"rowItem col-md-6 col-sm-12 btTextLeft animate animate-fadein inherit\"  data-width=\"6\"><div class=\"rowItemContent\" ><div class=\"bpgPhoto \" ><div class = \"btImage\"><img decoding=\"async\" src=\"\" alt=\"\" title=\"Kontakt\"><\/div><\/div><\/div><\/div><\/div><\/div><div class=\"boldRow \" ><div class=\"boldRowInner\"><div class=\"rowItem col-md-12 col-ms-12  btTextLeft btHighlight inherit btDoublePadding btLightSkin\"  data-width=\"12\"><div class=\"rowItemContent\" ><div class=\"boldRow \" ><div class=\"boldRowInner\"><div class=\"rowItem rowInnerItem col-sm-4  btTextLeft inherit animate animate-fadein\"  ><div class=\"rowItemContent\"><div class=\"btClear btSeparator topSmallSpaced bottomSmallSpaced noBorder\" ><hr><\/div><div class=\"btClear btSeparator topSmallSpaced noBorder\" ><hr><\/div><div class=\"servicesItem  btIcoDefaultColorIcon btIcoMediumSizeIcon \"><div class=\"sIcon\"><span class=\"btIco btIcoMediumSize btIcoDefaultType btIcoDefaultColor\"><span  data-ico-=\"&#038;#x;\" class=\"btIcoHolder\"><\/span><\/span><\/div><div class=\"sTxt\"><header class=\"header btClear medium\" ><div class=\"dash\"><h3><span class=\"headline\">Adres<\/span><\/h3><\/div><div class=\"btSubTitle\">Warszawa<\/div><\/header><\/div><\/div><div class=\"btClear btSeparator topSmallSpaced bottomSmallSpaced noBorder\" ><hr><\/div><\/div><\/div><div class=\"rowItem rowInnerItem col-sm-4  btTextLeft inherit animate animate-fadein\"  ><div class=\"rowItemContent\"><div class=\"btClear btSeparator topSmallSpaced bottomSmallSpaced noBorder\" ><hr><\/div><div class=\"btClear btSeparator topSmallSpaced noBorder\" ><hr><\/div><div class=\"servicesItem  btIcoDefaultColorIcon btIcoMediumSizeIcon \"><div class=\"sIcon\"><span class=\"btIco btIcoMediumSize btIcoDefaultType btIcoDefaultColor\"><span  data-ico-es=\"&#xea22;\" class=\"btIcoHolder\"><\/span><\/span><\/div><div class=\"sTxt\"><header class=\"header btClear medium\" ><div class=\"dash\"><h3><span class=\"headline\">Telefon<\/span><\/h3><\/div><div class=\"btSubTitle\">+48 668 112 582<\/div><\/header><\/div><\/div><div class=\"btClear btSeparator topSmallSpaced bottomSmallSpaced noBorder\" ><hr><\/div><\/div><\/div><div class=\"rowItem rowInnerItem col-sm-4  btTextLeft inherit animate animate-fadein\"  ><div class=\"rowItemContent\"><div class=\"btClear btSeparator topSmallSpaced bottomSmallSpaced noBorder\" ><hr><\/div><div class=\"btClear btSeparator topSmallSpaced noBorder\" ><hr><\/div><div class=\"servicesItem  btIcoDefaultColorIcon btIcoMediumSizeIcon \"><div class=\"sIcon\"><span class=\"btIco btIcoMediumSize btIcoDefaultType btIcoDefaultColor\"><span  data-ico-s7=\"&#xe63a;\" class=\"btIcoHolder\"><\/span><\/span><\/div><div class=\"sTxt\"><header class=\"header btClear medium\" ><div class=\"dash\"><h3><span class=\"headline\">Email<\/span><\/h3><\/div><div class=\"btSubTitle\">aleksandra@communicating.life<\/div><\/header><\/div><\/div><div class=\"btClear btSeparator topSmallSpaced bottomSmallSpaced noBorder\" ><hr><\/div><\/div><\/div><\/div><\/div><\/div><\/div><\/div><\/div><\/div><\/div><\/div><\/section>\n","protected":false},"excerpt":{"rendered":"","protected":false},"author":1,"featured_media":2764,"parent":0,"menu_order":0,"comment_status":"closed","ping_status":"closed","template":"","meta":{"footnotes":""},"class_list":["post-1675","page","type-page","status-publish","has-post-thumbnail","hentry"],"aioseo_notices":[],"_links":{"self":[{"href":"https:\/\/communicating.life\/pl\/wp-json\/wp\/v2\/pages\/1675","targetHints":{"allow":["GET"]}}],"collection":[{"href":"https:\/\/communicating.life\/pl\/wp-json\/wp\/v2\/pages"}],"about":[{"href":"https:\/\/communicating.life\/pl\/wp-json\/wp\/v2\/types\/page"}],"author":[{"embeddable":true,"href":"https:\/\/communicating.life\/pl\/wp-json\/wp\/v2\/users\/1"}],"replies":[{"embeddable":true,"href":"https:\/\/communicating.life\/pl\/wp-json\/wp\/v2\/comments?post=1675"}],"version-history":[{"count":19,"href":"https:\/\/communicating.life\/pl\/wp-json\/wp\/v2\/pages\/1675\/revisions"}],"predecessor-version":[{"id":5224,"href":"https:\/\/communicating.life\/pl\/wp-json\/wp\/v2\/pages\/1675\/revisions\/5224"}],"wp:featuredmedia":[{"embeddable":true,"href":"https:\/\/communicating.life\/pl\/wp-json\/wp\/v2\/media\/2764"}],"wp:attachment":[{"href":"https:\/\/communicating.life\/pl\/wp-json\/wp\/v2\/media?parent=1675"}],"curies":[{"name":"wp","href":"https:\/\/api.w.org\/{rel}","templated":true}]}}