 {"id":4831,"date":"2019-11-21T11:11:19","date_gmt":"2019-11-21T10:11:19","guid":{"rendered":"https:\/\/communicating.life\/?page_id=4831"},"modified":"2019-11-21T11:11:57","modified_gmt":"2019-11-21T10:11:57","slug":"pour-femmes-expatriees","status":"publish","type":"page","link":"https:\/\/communicating.life\/fr\/pour-femmes-expatriees\/","title":{"rendered":"POUR  FEMMES EXPATRI\u00c9ES"},"content":{"rendered":"<p><section id=\"bt_section69d591b758b70\"  class=\"boldSection gutter\" ><div class=\"port\"><div class=\"boldCell\"><div class=\"boldCellInner\"><div class=\"boldRow \" ><div class=\"boldRowInner\"><div class=\"rowItem col-md-12 col-ms-12  btTextLeft\"  data-width=\"12\"><div class=\"rowItemContent\" ><div class=\"btClear btSeparator topSemiSpaced noBorder\" ><hr><\/div><header class=\"header btClear medium btDash bottomDash\" ><div class=\"dash\"><h3><span class=\"headline\">Sachant \u00e0 quel point l\u2019Expatriation est une experience complexe, nous souhaitons aider les personnes confront\u00e9es \u00e0 ce genre de d\u00e9fis. Nous proposons donc les ateliers suivants en anglais, fran\u00e7ais et polonais:<br \/><br><\/span><\/h3><\/div><\/header><div class=\"btClear btSeparator topSemiSpaced noBorder\" ><hr><\/div><\/div><\/div><\/div><\/div><div class=\"boldRow \" ><div class=\"boldRowInner\"><div class=\"rowItem col-md-4 col-ms-12 btTextLeft\"  data-width=\"4\"><div class=\"rowItemContent\" ><div class=\"servicesItem  btIcoDefaultColorIcon btIcoMediumSizeIcon \"><div class=\"sIcon\"><span class=\"btIco btIcoMediumSize btIcoDefaultType btIcoDefaultColor\"><span  data-ico-=\"&#038;#x;\" class=\"btIcoHolder\"><\/span><\/span><\/div><div class=\"sTxt\"><header class=\"header btClear medium\" ><div class=\"dash\"><h3><span class=\"headline\">1. Transitions de vie<\/span><\/h3><\/div><div class=\"btSubTitle\">comment fermer une porte pour pouvoir en ouvrir une autre.<\/div><\/header><\/div><\/div><\/div><\/div><div class=\"rowItem col-md-4 col-ms-12 btTextLeft\"  data-width=\"4\"><div class=\"rowItemContent\" ><div class=\"servicesItem  btIcoDefaultColorIcon btIcoMediumSizeIcon \"><div class=\"sIcon\"><span class=\"btIco btIcoMediumSize btIcoDefaultType btIcoDefaultColor\"><span  data-ico-=\"&#038;#x;\" class=\"btIcoHolder\"><\/span><\/span><\/div><div class=\"sTxt\"><header class=\"header btClear medium\" ><div class=\"dash\"><h3><span class=\"headline\">2. Comment faire un deuil et d\u00e9finir ce que nous voulons inviter dans notre vie<\/span><\/h3><\/div><\/header><\/div><\/div><\/div><\/div><div class=\"rowItem col-md-4 col-ms-12 btTextLeft\"  data-width=\"4\"><div class=\"rowItemContent\" ><div class=\"servicesItem  btIcoDefaultColorIcon btIcoMediumSizeIcon \"><div class=\"sIcon\"><span class=\"btIco btIcoMediumSize btIcoDefaultType btIcoDefaultColor\"><span  data-ico-=\"&#038;#x;\" class=\"btIcoHolder\"><\/span><\/span><\/div><div class=\"sTxt\"><header class=\"header btClear medium\" ><div class=\"dash\"><h3><span class=\"headline\">3. Ateliers de communication bienveillante<\/span><\/h3><\/div><\/header><\/div><\/div><\/div><\/div><\/div><\/div><div class=\"boldRow \" ><div class=\"boldRowInner\"><div class=\"rowItem col-md-4 col-ms-12 btTextLeft\"  data-width=\"4\"><div class=\"rowItemContent\" ><div class=\"btClear btSeparator topSemiSpaced noBorder\" ><hr><\/div><div class=\"servicesItem  btIcoDefaultColorIcon btIcoMediumSizeIcon \"><div class=\"sIcon\"><span class=\"btIco btIcoMediumSize btIcoDefaultType btIcoDefaultColor\"><span  data-ico-=\"&#038;#x;\" class=\"btIcoHolder\"><\/span><\/span><\/div><div class=\"sTxt\"><header class=\"header btClear medium\" ><div class=\"dash\"><h3><span class=\"headline\">4. Prises de d\u00e9cisions: Comment faire des choix qui nous servent<\/span><\/h3><\/div><\/header><\/div><\/div><\/div><\/div><div class=\"rowItem col-md-4 col-ms-12 btTextLeft\"  data-width=\"4\"><div class=\"rowItemContent\" ><div class=\"btClear btSeparator topSemiSpaced noBorder\" ><hr><\/div><div class=\"servicesItem  btIcoDefaultColorIcon btIcoMediumSizeIcon \"><div class=\"sIcon\"><span class=\"btIco btIcoMediumSize btIcoDefaultType btIcoDefaultColor\"><span  data-ico-=\"&#038;#x;\" class=\"btIcoHolder\"><\/span><\/span><\/div><div class=\"sTxt\"><header class=\"header btClear medium\" ><div class=\"dash\"><h3><span class=\"headline\">5. Comment communiquer avec les enfants<\/span><\/h3><\/div><\/header><\/div><\/div><\/div><\/div><div class=\"rowItem col-md-4 col-ms-12 btTextLeft\"  data-width=\"4\"><div class=\"rowItemContent\" ><div class=\"btClear btSeparator topSemiSpaced noBorder\" ><hr><\/div><div class=\"servicesItem  btIcoDefaultColorIcon btIcoMediumSizeIcon \"><div class=\"sIcon\"><span class=\"btIco btIcoMediumSize btIcoDefaultType btIcoDefaultColor\"><span  data-ico-=\"&#038;#x;\" class=\"btIcoHolder\"><\/span><\/span><\/div><div class=\"sTxt\"><header class=\"header btClear medium\" ><div class=\"dash\"><h3><span class=\"headline\">6. Sessions de coaching de vie<\/span><\/h3><\/div><div class=\"btSubTitle\">rdv individuels et de groupe dont le but est de mettre de la lumi\u00e8re sur votre potentiel, vos r\u00eaves, voss objectifs, des options, le choix de strat\u00e9gies, un plan d&#8217;action et votre engagement.<\/div><\/header><\/div><\/div><div class=\"btClear btSeparator topSemiSpaced noBorder\" ><hr><\/div><\/div><\/div><\/div><\/div><\/div><\/div><\/div><\/section><section id=\"bt_section69d591b759c0c\" data-parallax=\"0.1\" data-parallax-offset=\"0\" class=\"boldSection topSemiSpaced bottomSemiSpaced gutter inherit btParallax wBackground cover\" style=\"background-image:url('https:\/\/communicating.life\/wp-content\/uploads\/2019\/11\/para03.jpg');\"><div class=\"port\"><div class=\"boldCell\"><div class=\"boldCellInner\"><div class=\"boldRow \" ><div class=\"boldRowInner\"><div class=\"rowItem col-md-12 col-ms-12  btTextLeft\"  data-width=\"12\"><div class=\"rowItemContent\" ><div class=\"boldRow \" ><div class=\"boldRowInner\"><div class=\"rowItem rowInnerItem col-sm-12  btTextLeft inherit\" style=\"background-color: rgba(255, 255, 255, 0.9);\" ><div class=\"rowItemContent\"><div class=\"btText\" ><\/p>\n<blockquote>\n<p>\u201cAu centre du coaching d\u2019Aleksandra se trouvent des femmes qui, \u00e0 la suite de d\u00e9m\u00e9nagements, de la naissance de leurs enfants ou autres tours de destins, sont sorties de leur chemin professionnel. Souvent, elles ont oubli\u00e9 leurs r\u00eaves, buts, besoins.<br \/>\nDevenue maman jeune, ayant d\u00e9m\u00e9nag\u00e9 plus de 15 fois en 20 ans, Aleksandra sait que le courage d\u2019une femme peut cacher des sacrifices, mais seul son \u00e9panouissement est profitable \u00e0 sa famille, \u00e9tant en m\u00eame temps un investissement \u00e0 long terme.\u201d<\/p>\n<\/blockquote>\n<p>(\u00e0 partir de l\u2019interview paru dans \u201cL\u2019\u00c9cho des rizi\u00e8res\u201d Nr 111, mars 2017, Ho Chi Minh City, Vietnam)<\/p>\n<p>\n<\/div><\/div><\/div><\/div><\/div><\/div><\/div><\/div><\/div><\/div><\/div><\/div><\/section><\/p>\n","protected":false},"excerpt":{"rendered":"","protected":false},"author":1,"featured_media":4833,"parent":0,"menu_order":0,"comment_status":"closed","ping_status":"closed","template":"","meta":{"footnotes":""},"class_list":["post-4831","page","type-page","status-publish","has-post-thumbnail","hentry"],"aioseo_notices":[],"_links":{"self":[{"href":"https:\/\/communicating.life\/fr\/wp-json\/wp\/v2\/pages\/4831","targetHints":{"allow":["GET"]}}],"collection":[{"href":"https:\/\/communicating.life\/fr\/wp-json\/wp\/v2\/pages"}],"about":[{"href":"https:\/\/communicating.life\/fr\/wp-json\/wp\/v2\/types\/page"}],"author":[{"embeddable":true,"href":"https:\/\/communicating.life\/fr\/wp-json\/wp\/v2\/users\/1"}],"replies":[{"embeddable":true,"href":"https:\/\/communicating.life\/fr\/wp-json\/wp\/v2\/comments?post=4831"}],"version-history":[{"count":2,"href":"https:\/\/communicating.life\/fr\/wp-json\/wp\/v2\/pages\/4831\/revisions"}],"predecessor-version":[{"id":4840,"href":"https:\/\/communicating.life\/fr\/wp-json\/wp\/v2\/pages\/4831\/revisions\/4840"}],"wp:featuredmedia":[{"embeddable":true,"href":"https:\/\/communicating.life\/fr\/wp-json\/wp\/v2\/media\/4833"}],"wp:attachment":[{"href":"https:\/\/communicating.life\/fr\/wp-json\/wp\/v2\/media?parent=4831"}],"curies":[{"name":"wp","href":"https:\/\/api.w.org\/{rel}","templated":true}]}}