 {"id":4796,"date":"2019-11-21T10:18:30","date_gmt":"2019-11-21T09:18:30","guid":{"rendered":"https:\/\/communicating.life\/?page_id=4796"},"modified":"2019-11-21T10:18:30","modified_gmt":"2019-11-21T09:18:30","slug":"communication-bienveillante","status":"publish","type":"page","link":"https:\/\/communicating.life\/fr\/communication-bienveillante\/","title":{"rendered":"COMMUNICATION BIENVEILLANTE"},"content":{"rendered":"<p><section id=\"bt_section69d591b6b76a5\" data-parallax=\"0.2\" data-parallax-offset=\"0\" class=\"boldSection topSemiSpaced bottomSmallSpaced gutter inherit btParallax wBackground cover\" style=\"background-image:url('https:\/\/communicating.life\/wp-content\/uploads\/2019\/08\/t\u0142o_2.jpg');\"><div class=\"port\"><div class=\"boldCell\"><div class=\"boldCellInner\"><div class=\"boldRow \" ><div class=\"boldRowInner\"><div class=\"rowItem col-md-3 col-sm-6 col-ms-12 btTextLeft\"  data-width=\"3\"><div class=\"rowItemContent\" ><\/div><\/div><div class=\"rowItem col-md-6 col-sm-12 btTextLeft\"  data-width=\"6\"><div class=\"rowItemContent\" ><div class=\"btClear btSeparator topSpaced noBorder\" ><hr><\/div><header class=\"header btClear extralarge\" ><div class=\"dash\"><h1><span class=\"headline\">Tout message, ind\u00e9pendamment de sa forme ou de son contenu, est l&#8217;expression d&#8217;un besoin. <\/span><\/h1><\/div><\/header><div class=\"btClear btSeparator topSemiSpaced bottomSpaced noBorder\" ><hr><\/div><\/div><\/div><div class=\"rowItem col-md-3 col-sm-6 col-ms-12 btTextLeft\"  data-width=\"3\"><div class=\"rowItemContent\" ><\/div><\/div><\/div><\/div><div class=\"boldRow \" ><div class=\"boldRowInner\"><\/div><\/div><\/div><\/div><\/div><\/section><section id=\"bt_section69d591b6b79e2\"  class=\"boldSection gutter\" ><div class=\"port\"><div class=\"boldCell\"><div class=\"boldCellInner\"><div class=\"boldRow \" ><div class=\"boldRowInner\"><\/div><\/div><div class=\"boldRow \" ><div class=\"boldRowInner\"><div class=\"rowItem col-md-6 col-sm-12 btTextLeft\"  data-width=\"6\"><div class=\"rowItemContent\" ><div class=\"btClear btSeparator topSemiSpaced noBorder\" ><hr><\/div><header class=\"header btClear medium btDash bottomDash\" ><div class=\"dash\"><h3><span class=\"headline\">LA COMMUNICATION BIENVEILLANTE<\/span><\/h3><\/div><div class=\"btSubTitle\">Est la mani\u00e8re de communiquer en \u00e9coutant et exprimant les besoins qui se trouvent derri\u00e8re tout comportement.<br \/><br>La communication bienveillante aide \u00e0 transformer des situations difficiles en une exp\u00e9rience positive, \u00e0 r\u00e9soudre des conflits relationnels, avoir plus de compr\u00e9hension pour soi-m\u00eame et pour les autres. L\u2019\u00e9coute de soi permet d\u2019identifier ce qui est le plus vivant en nous et d&#8217;entendre nos sentiments et nos besoins.<\/p><br><p>Au lieu de r\u00e9agir de mani\u00e8re impulsive ou automatique et considerer l&#8217; autre comme \u00e9go\u00efste, nous pouvons apprendre \u00e0 \u00e9tablir une communication plus authentique, bas\u00e9e sur l&#8217;empathie, la coop\u00e9ration et la confiance.<\/div><\/header><div class=\"btClear btSeparator topSmallSpaced noBorder\" ><hr><\/div><div class=\"btText\" ><\/p>\n<blockquote>\n<p>\u201cA partir du moment o\u00f9 nous comprenons les besoins qui motivent nos comportements et ceux des autres, nous n\u2019avons plus d\u2019ennemis.<\/p>\n<\/blockquote>\n<p>\n<\/div><div class=\"btClear btSeparator topSmallSpaced noBorder\" ><hr><\/div><header class=\"header btClear medium btDash bottomDash\" ><div class=\"dash\"><h3><span class=\"headline\">PEUT-ON APPRENDRE LA COMMUNICATION BIENVEILLANTE?<\/span><\/h3><\/div><div class=\"btSubTitle\">Oui, la Communication bienveillante est tant une attitude qu&#8217;un langage qui s&#8217;acqui\u00e8rent et s&#8217;appliquent dans la vie de tous les jours. C&#8217;est une ouverture d&#8217;esprit sans jugement, bas\u00e9e sur le respect mutuel et la coop\u00e9ration.<\/p><br><p>La Communication bienveillante telle que je vous pr\u00e9sente est ma vision de la Communication Non-violente (NVC) . Appel\u00e9e aussi Communication Empathique ou Language de Vie, la Communication bienveillante est l&#8217;\u0153uvre de vie de Marshal Rosenberg et constitue un outil de m\u00e9diation par excellence. <\/div><\/header><\/div><\/div><div class=\"rowItem col-md-6 col-sm-12 btTextLeft\"  data-width=\"6\"><div class=\"rowItemContent\" ><div class=\"btClear btSeparator topSemiSpaced noBorder\" ><hr><\/div><header class=\"header btClear medium btDash bottomDash\" ><div class=\"dash\"><h3><span class=\"headline\">QU&#8217;APPREND-ON AVEC LA COMMUNICATION BIENVEILLANTE?<\/span><\/h3><\/div><div class=\"btSubTitle\">&#8211; la m\u00e9thode des 4 pas pour faire la diff\u00e9rence entre ce qu&#8217;on voit, se qu&#8217;on ressent, ce dont on a besoin et la formulation d&#8217;une demande<br \/><br>&#8211; savoir \u00e9couter activement et sans juger<br \/><br>&#8211; savoir identifier et comprendre ses sentiments et ses besoins<br \/><br>&#8211; formuler une demande sans se culpabiliser ni atteindre \u00e0 l\u2019int\u00e9grit\u00e9 de l\u2019autre<br \/><br>&#8211; traduire sa col\u00e8re en langage des besoins<br \/><br>&#8211; savoir identifier les besoins des autres \u00e0 travers leur comportement<br \/><br>&#8211; les techniques qui aident \u00e0 communiquer avec respect et authenticit\u00e9<br \/><br>&#8211; les tournures \u00e0 \u00e9viter dans la communication avec ses proches<br \/><br>&#8211; marquer ses limites dans une relation<br \/><br>&#8211; prendre la responsabilit\u00e9 de ses sentiments (\u00ab il m\u2019a \u00e9nerv\u00e9 \u00bb)<br \/><br>&#8211; \u00eatre \u00e0 l&#8217;\u00e9coute de ses besoins aussi bien dans l&#8217;imm\u00e9diat, qu\u2019\u00e0 long terme<\/div><\/header><div class=\"btClear btSeparator topSmallSpaced noBorder\" ><hr><\/div><div class=\"bpgPhoto \" ><div class = \"btImage\"><img decoding=\"async\" src=\"https:\/\/communicating.life\/wp-content\/uploads\/2019\/08\/Pointsofyou-6525.jpg\" alt=\"\" title=\"Points+of+you-6525\"><\/div><\/div><\/div><\/div><\/div><\/div><div class=\"boldRow \" ><div class=\"boldRowInner\"><div class=\"rowItem col-md-6 col-sm-12 btTextLeft\"  data-width=\"6\"><div class=\"rowItemContent\" ><div class=\"btClear btSeparator topSmallSpaced noBorder\" ><hr><\/div><div class=\"btText\" ><\/p>\n<blockquote>\n<p>\u201cAvant de communiquer avec les autres, t\u00e2chons de comprendre et accepter nos propres sentiments et besoins.<\/p>\n<\/blockquote>\n<p>\n<\/div><\/div><\/div><div class=\"rowItem col-md-6 col-sm-12 btTextLeft\"  data-width=\"6\"><div class=\"rowItemContent\" ><div class=\"btClear btSeparator topSemiSpaced noBorder\" ><hr><\/div><a href=\"https:\/\/communicating.life\/fr\/offer\/\" class=\"btBtn btBtn btnOutlineStyle btnNormalColor btnMedium btnNormalWidth btnInlinePosition btnNoIcon\" ><span class=\"btnInnerText\">VOIR L&#8217;OFFRE<\/span><\/a><div class=\"btClear btSeparator topSmallSpaced bottomSpaced noBorder\" ><hr><\/div><\/div><\/div><\/div><\/div><\/div><\/div><\/div><\/section><\/p>\n","protected":false},"excerpt":{"rendered":"","protected":false},"author":1,"featured_media":0,"parent":0,"menu_order":0,"comment_status":"closed","ping_status":"closed","template":"","meta":{"footnotes":""},"class_list":["post-4796","page","type-page","status-publish","hentry"],"aioseo_notices":[],"_links":{"self":[{"href":"https:\/\/communicating.life\/fr\/wp-json\/wp\/v2\/pages\/4796","targetHints":{"allow":["GET"]}}],"collection":[{"href":"https:\/\/communicating.life\/fr\/wp-json\/wp\/v2\/pages"}],"about":[{"href":"https:\/\/communicating.life\/fr\/wp-json\/wp\/v2\/types\/page"}],"author":[{"embeddable":true,"href":"https:\/\/communicating.life\/fr\/wp-json\/wp\/v2\/users\/1"}],"replies":[{"embeddable":true,"href":"https:\/\/communicating.life\/fr\/wp-json\/wp\/v2\/comments?post=4796"}],"version-history":[{"count":1,"href":"https:\/\/communicating.life\/fr\/wp-json\/wp\/v2\/pages\/4796\/revisions"}],"predecessor-version":[{"id":4797,"href":"https:\/\/communicating.life\/fr\/wp-json\/wp\/v2\/pages\/4796\/revisions\/4797"}],"wp:attachment":[{"href":"https:\/\/communicating.life\/fr\/wp-json\/wp\/v2\/media?parent=4796"}],"curies":[{"name":"wp","href":"https:\/\/api.w.org\/{rel}","templated":true}]}}