 {"id":4788,"date":"2019-11-21T10:11:27","date_gmt":"2019-11-21T09:11:27","guid":{"rendered":"https:\/\/communicating.life\/?page_id=4788"},"modified":"2019-11-21T10:11:54","modified_gmt":"2019-11-21T09:11:54","slug":"life-coaching","status":"publish","type":"page","link":"https:\/\/communicating.life\/fr\/life-coaching\/","title":{"rendered":"LIFE COACHING"},"content":{"rendered":"<p><section id=\"bt_section69d591bc99ab4\" data-parallax=\"0.1\" data-parallax-offset=\"0\" class=\"boldSection topSpaced bottomSpaced gutter inherit btParallax wBackground cover\" style=\"background-image:url('https:\/\/communicating.life\/wp-content\/uploads\/2019\/08\/image-asset-1.jpg');\"><div class=\"port\"><div class=\"boldCell\"><div class=\"boldCellInner\"><div class=\"boldRow \" ><div class=\"boldRowInner\"><div class=\"rowItem col-md-3 col-sm-6 col-ms-12 btTextLeft\"  data-width=\"3\"><div class=\"rowItemContent\" ><\/div><\/div><div class=\"rowItem col-md-6 col-sm-12 btTextLeft\"  data-width=\"6\"><div class=\"rowItemContent\" ><div class=\"btClear btSeparator topSpaced bottomSpaced noBorder\" ><hr><\/div><div class=\"btClear btSeparator topSpaced bottomSpaced noBorder\" ><hr><\/div><\/div><\/div><div class=\"rowItem col-md-3 col-sm-6 col-ms-12 btTextLeft\"  data-width=\"3\"><div class=\"rowItemContent\" ><\/div><\/div><\/div><\/div><div class=\"boldRow \" ><div class=\"boldRowInner\"><\/div><\/div><\/div><\/div><\/div><\/section><section id=\"bt_section69d591bc99d0e\"  class=\"boldSection gutter\" ><div class=\"port\"><div class=\"boldCell\"><div class=\"boldCellInner\"><div class=\"boldRow \" ><div class=\"boldRowInner\"><div class=\"rowItem col-md-6 col-sm-12 btTextLeft\"  data-width=\"6\"><div class=\"rowItemContent\" ><div class=\"btClear btSeparator topSemiSpaced noBorder\" ><hr><\/div><header class=\"header btClear medium btDash bottomDash\" ><div class=\"dash\"><h3><span class=\"headline\">LIFE COACHING <\/span><\/h3><\/div><div class=\"btSubTitle\">est un processus compos\u00e9 de conversations authentiques, dont le but est de g\u00e9n\u00e9rer de nouvelles perspectives, options et solutions autour d\u2019un probl\u00e8me ou d&#8217;une situation que le Client souhaite am\u00e9liorer.<\/p><br><p>Par un questionnement pertinent, le coach am\u00e8ne son Client \u00e0 identifier ses valeurs, son potentiel, ses besoins, son potentiel et ses objectifs. Le Client peut alors \u00e9tablit un plan d\u2019action le mieux adapt\u00e9 a ses possibilit\u00e9s.<\/p><br><p>Le but du coaching est d\u2019\u00e9liminer les obstacles entre la vie actuelle du Client et celle \u00e0 laquelle il aspire.<\/div><\/header><div class=\"btClear btSeparator topSemiSpaced noBorder\" ><hr><\/div><header class=\"header btClear medium btDash bottomDash\" ><div class=\"dash\"><h3><span class=\"headline\">POURQUOI UN COACH NE DONNE PAS DE CONSEILS NI DE RECETTES TOUTES PR\u00caTES ?<\/span><\/h3><\/div><div class=\"btSubTitle\">Je suis absolument convaincue que vous \u00eates la seule personne qui sais ce qui est bon pour vous et ce qui vous rend heureux.<\/p><br><p>Dans votre vie personnelle et professionnelle vous pouvez accomplir tous vos r\u00eaves. Et c&#8217;est parce que le coach vous respecte, qu&#8217;il ne peut pas prendre de decision \u00e0 votre place. Par contre, il pose des questions puissantes qui vous guident vers des d\u00e9couvertes surprenantes et constructives dans votre recherche de r\u00e9ponses.<\/p><br><p><\/div><\/header><div class=\"btClear btSeparator topSemiSpaced noBorder\" ><hr><\/div><header class=\"header btClear medium btDash bottomDash\" ><div class=\"dash\"><h3><span class=\"headline\">COMMENT FONCTIONNE LE COACHING?<\/span><\/h3><\/div><div class=\"btSubTitle\">Avec des techniques appropri\u00e9es, le coach invite le Client \u00e0 prendre conscience de son potentiel et des opportunit\u00e9s \u00e0 sa port\u00e9e. Le coach est quelqu&#8217;un qui crois en vous.<\/div><\/header><div class=\"btClear btSeparator topSmallSpaced noBorder\" ><hr><\/div><div class=\"btText\" ><\/p>\n<p id=\"yui_3_17_2_1_1566546509100_211\"><em id=\"yui_3_17_2_1_1566546509100_215\">Le processus du coaching permet d&#8217;\u00e9valuer votre situation actuelle et visualiser <\/em><strong><em>la situation r\u00eav\u00e9e. <\/em><\/strong><em>Le coaching vous am\u00e8ne \u00e0 trouver les moyens d&#8217;y parvenir..<\/em><\/p>\n<p id=\"yui_3_17_2_1_1566546509100_209\"><em>En travaillant avec le coach, vous \u00eates invit\u00e9\u00a0\u00e0 voir votre vie ou une situation inconfortable d&#8217;un nouveau point de vue.\u00a0Vous \u00a0avez l&#8217;occasion de prendre conscience de votre potentiel, d&#8217;augmenter votre confiance en soi, changer des convictions qui vous limitent contre celles qui vous auront motiv\u00e9,\u00a0fixer vos objectifs, d\u00e9finir un plan d&#8217;action et prendre l&#8217;initiative.<\/em><\/p>\n<p>\n<\/div><div class=\"btClear btSeparator topSemiSpaced noBorder\" ><hr><\/div><\/div><\/div><div class=\"rowItem col-md-6 col-sm-12 btTextLeft\"  data-width=\"6\"><div class=\"rowItemContent\" ><div class=\"btClear btSeparator bottomSemiSpaced noBorder\" ><hr><\/div><header class=\"header btClear medium btDash bottomDash\" ><div class=\"dash\"><h3><span class=\"headline\">A QUI S&#8217;ADRESSE LE COACHING?<\/span><\/h3><\/div><div class=\"btSubTitle\">Pour ceux et celles qui:<\/div><\/header><div class=\"btClear btSeparator topSmallSpaced noBorder\" ><hr><\/div><div class=\"btText\" ><\/p>\n<ul id=\"yui_3_17_2_1_1566546509100_193\" data-rte-list=\"default\">\n<li id=\"yui_3_17_2_1_1566546509100_192\">\n<p id=\"yui_3_17_2_1_1566546509100_191\">n&#8217;arrivent pas \u00e0 avancer dans leur travail, ou s&#8217;inqui\u00e8tent car ils ne travaillent pas,<\/p>\n<\/li>\n<li>n&#8217;arrivent pas \u00e0 voir de bons c\u00f4t\u00e9s des choses,<\/li>\n<li>n&#8217;ont pas de vision pour l&#8217;avenir,<\/li>\n<li>ne se sentent pas \u00e0 leur place,<\/li>\n<li>voudraient am\u00e9liorer la qualit\u00e9 de relations ou tout simplement la qualit\u00e9 de leur vie&#8230;<\/li>\n<\/ul>\n<p>Dans tous les cas ci-dessus, il est peut-\u00eatre temps de changer de perspective et regarder sa vie sous d&#8217;autres angles.<\/p>\n<p>Toute personne peut \u00eatre heureuse, il faut tout simplement apprendre \u00e0\u00a0faire l&#8217;usage de son potentiel.<\/p>\n<p>\n<\/div><div class=\"btClear btSeparator topSemiSpaced noBorder\" ><hr><\/div><header class=\"header btClear medium btDash bottomDash\" ><div class=\"dash\"><h3><span class=\"headline\">QUE PEUX-TU FAIRE POUR QUE LE COACHING MARCHE?<\/span><\/h3><\/div><div class=\"btSubTitle\">Pour que le coaching soit optimal, il faut \u00eatre engag\u00e9, sinc\u00e8re et prendre la responsabilit\u00e9 de son avenir.<\/p><br><p>Le coaching est un processus dont une grande partie se d\u00e9roule entre les sessions. Le Client peut noter l&#8217;impact de ses nouvelles prises de conscience sur la mani\u00e8re dont il appr\u00e9hende les situations anciennes. Nous invitons les Clients \u00e0 s&#8217;engager, \u00e0 s&#8217;ouvrir sur de nouvelles perspectives, \u00e0 essayer des solutions nouvelles et les rediscuter dans le cadre s\u00e9curis\u00e9 de rencontres avec le coach. <\/div><\/header><div class=\"btClear btSeparator topSemiSpaced noBorder\" ><hr><\/div><header class=\"header btClear medium btDash bottomDash\" ><div class=\"dash\"><h3><span class=\"headline\">CARTES PHOTO: : POINTS OF YOU COACHING CARDS<\/span><\/h3><\/div><div class=\"btSubTitle\">Points of You est un outil visuel fascinant et efficace, utilis\u00e9 dans le coaching, le d\u00e9veloppement personnel et la communication. L&#8217;enjeu des Cartes de coaching est d&#8217;\u00e9tendre la vision habituelle du client sur une situation qu&#8217;il trouve inconfortable, en l&#8217;invitant \u00e0 l&#8217;examiner de points de vue diff\u00e9rents. Un jeu d&#8217;images et de questions renvoie le client vers ses besoins et valeurs, limitations et potentiel. Points of You aide le client \u00e0 r\u00e9duire la distance entre la situation actuelle et la situation r\u00eav\u00e9e. <\/div><\/header><\/div><\/div><\/div><\/div><div class=\"boldRow \" ><div class=\"boldRowInner\"><div class=\"rowItem col-md-12 col-ms-12  btTextCenter inherit\"  data-width=\"12\"><div class=\"rowItemContent\" ><a href=\"#\" class=\"btBtn btBtn btnOutlineStyle btnAccentColor btnMedium btnNormalWidth btnInlinePosition btnNoIcon\" ><span class=\"btnInnerText\">1 session individuelle (75 min) de Coaching en fran\u00e7ais: 240 PLN, 4 sessions: 900 PLN<\/span><\/a><div class=\"btClear btSeparator topSemiSpaced bottomSmallSpaced noBorder\" ><hr><\/div><\/div><\/div><\/div><\/div><div class=\"boldRow \" ><div class=\"boldRowInner\"><\/div><\/div><div class=\"boldRow \" ><div class=\"boldRowInner\"><\/div><\/div><\/div><\/div><\/div><\/section><\/p>\n","protected":false},"excerpt":{"rendered":"","protected":false},"author":1,"featured_media":0,"parent":0,"menu_order":0,"comment_status":"closed","ping_status":"closed","template":"","meta":{"footnotes":""},"class_list":["post-4788","page","type-page","status-publish","hentry"],"aioseo_notices":[],"_links":{"self":[{"href":"https:\/\/communicating.life\/fr\/wp-json\/wp\/v2\/pages\/4788","targetHints":{"allow":["GET"]}}],"collection":[{"href":"https:\/\/communicating.life\/fr\/wp-json\/wp\/v2\/pages"}],"about":[{"href":"https:\/\/communicating.life\/fr\/wp-json\/wp\/v2\/types\/page"}],"author":[{"embeddable":true,"href":"https:\/\/communicating.life\/fr\/wp-json\/wp\/v2\/users\/1"}],"replies":[{"embeddable":true,"href":"https:\/\/communicating.life\/fr\/wp-json\/wp\/v2\/comments?post=4788"}],"version-history":[{"count":1,"href":"https:\/\/communicating.life\/fr\/wp-json\/wp\/v2\/pages\/4788\/revisions"}],"predecessor-version":[{"id":4789,"href":"https:\/\/communicating.life\/fr\/wp-json\/wp\/v2\/pages\/4788\/revisions\/4789"}],"wp:attachment":[{"href":"https:\/\/communicating.life\/fr\/wp-json\/wp\/v2\/media?parent=4788"}],"curies":[{"name":"wp","href":"https:\/\/api.w.org\/{rel}","templated":true}]}}