 {"id":4780,"date":"2019-11-21T10:05:45","date_gmt":"2019-11-21T09:05:45","guid":{"rendered":"https:\/\/communicating.life\/?page_id=4780"},"modified":"2019-11-21T10:05:45","modified_gmt":"2019-11-21T09:05:45","slug":"connaissance-de-soi","status":"publish","type":"page","link":"https:\/\/communicating.life\/fr\/connaissance-de-soi\/","title":{"rendered":"Connaissance de soi"},"content":{"rendered":"<p><section id=\"bt_section69d5915eb3e0e\"  class=\"boldSection gutter\" ><div class=\"port\"><div class=\"boldCell\"><div class=\"boldCellInner\"><div class=\"boldRow \" ><div class=\"boldRowInner\"><\/div><\/div><div class=\"boldRow \" ><div class=\"boldRowInner\"><div class=\"rowItem col-md-12 col-ms-12  btTextLeft\"  data-width=\"12\"><div class=\"rowItemContent\" ><div class=\"btClear btSeparator topSemiSpaced noBorder\" ><hr><\/div><header class=\"header btClear large btDash bottomDash\" ><div class=\"dash\"><\/div><div class=\"btSubTitle\">Face \u00e0 la diversit\u00e9 du monde qui nous entoure, \u00e0 la multitude de r\u00f4les que nous rev\u00eatons et de d\u00e9fis qui font partie de notre vie, la connaissance de soi devient un point d&#8217;orientation, une direction et un ancrage.<br \/><br>C&#8217;est pour cela que communicating.life mets au centre de ses services la reflection autour des sujets qui t\u00f4t ou tard, font partie de notre chemin: Le pardon, les transitions de vie, des convictions qui nous limitent, la gestion de conflits. l&#8217;art d&#8217;\u00e9couter, la mani\u00e8re d&#8217;apprivoiser le critique int\u00e9rieur, la prise de d\u00e9cisions, des outils d&#8217;auto- motivation, le relationnel et la communication avec ses proches, en milieu de travail et avec soi-m\u00eame.<\/div><\/header><div class=\"btClear btSeparator topSmallSpaced noBorder\" ><hr><\/div><\/div><\/div><\/div><\/div><\/div><\/div><\/div><\/section><section id=\"bt_section69d5915eb45a8\" data-parallax=\"0.4\" data-parallax-offset=\"0\" class=\"boldSection topExtraSpaced bottomExtraSpaced gutter inherit btParallax wBackground cover\" style=\"background-image:url('https:\/\/communicating.life\/wp-content\/uploads\/2019\/09\/whatworksforme.jpg');\"><div class=\"port\"><div class=\"boldCell\"><div class=\"boldCellInner\"><div class=\"boldRow \" ><div class=\"boldRowInner\"><div class=\"rowItem col-md-12 col-ms-12  btTextLeft\"  data-width=\"12\"><div class=\"rowItemContent\" ><\/div><\/div><\/div><\/div><\/div><\/div><\/div><\/section><\/p>\n","protected":false},"excerpt":{"rendered":"","protected":false},"author":1,"featured_media":4781,"parent":0,"menu_order":0,"comment_status":"closed","ping_status":"closed","template":"","meta":{"footnotes":""},"class_list":["post-4780","page","type-page","status-publish","has-post-thumbnail","hentry"],"aioseo_notices":[],"_links":{"self":[{"href":"https:\/\/communicating.life\/fr\/wp-json\/wp\/v2\/pages\/4780","targetHints":{"allow":["GET"]}}],"collection":[{"href":"https:\/\/communicating.life\/fr\/wp-json\/wp\/v2\/pages"}],"about":[{"href":"https:\/\/communicating.life\/fr\/wp-json\/wp\/v2\/types\/page"}],"author":[{"embeddable":true,"href":"https:\/\/communicating.life\/fr\/wp-json\/wp\/v2\/users\/1"}],"replies":[{"embeddable":true,"href":"https:\/\/communicating.life\/fr\/wp-json\/wp\/v2\/comments?post=4780"}],"version-history":[{"count":1,"href":"https:\/\/communicating.life\/fr\/wp-json\/wp\/v2\/pages\/4780\/revisions"}],"predecessor-version":[{"id":4784,"href":"https:\/\/communicating.life\/fr\/wp-json\/wp\/v2\/pages\/4780\/revisions\/4784"}],"wp:featuredmedia":[{"embeddable":true,"href":"https:\/\/communicating.life\/fr\/wp-json\/wp\/v2\/media\/4781"}],"wp:attachment":[{"href":"https:\/\/communicating.life\/fr\/wp-json\/wp\/v2\/media?parent=4780"}],"curies":[{"name":"wp","href":"https:\/\/api.w.org\/{rel}","templated":true}]}}