 {"id":3037,"date":"2016-09-13T11:10:41","date_gmt":"2016-09-13T11:10:41","guid":{"rendered":"https:\/\/communicating.life\/single-service\/"},"modified":"2019-08-24T07:53:27","modified_gmt":"2019-08-24T05:53:27","slug":"offer","status":"publish","type":"page","link":"https:\/\/communicating.life\/fr\/offer\/","title":{"rendered":"Offre"},"content":{"rendered":"<p><section id=\"bt_section69d5a98e40389\"  class=\"boldSection btLightSkin gutter inherit\" ><div class=\"port\"><div class=\"boldCell\"><div class=\"boldCellInner\"><div class=\"boldRow \" ><div class=\"boldRowInner\"><div class=\"rowItem col-md-12 col-ms-12  btTextLeft animate animate-fadein inherit\"  data-width=\"12\"><div class=\"rowItemContent\" ><div class=\"btClear btSeparator topSmallSpaced noBorder\" ><hr><\/div><header class=\"header btClear extralarge\" ><div class=\"dash\"><h1><span class=\"headline\"><b class=\"animate\">Life<\/b> coaching<\/span><\/h1><\/div><\/header><\/div><\/div><\/div><\/div><div class=\"boldRow \" ><div class=\"boldRowInner\"><div class=\"rowItem col-md-12 col-ms-12  btTextLeft\"  data-width=\"12\"><div class=\"rowItemContent\" ><div class=\"btClear btSeparator topSmallSpaced noBorder\" ><hr><\/div><div class=\"btText\" ><\/p>\n<h5 id=\"yui_3_17_2_1_1566386191448_179\"><strong>SESSIONS INDIVIDUELLES<\/strong><\/h5>\n<ul>\n<li style=\"list-style-type: none;\">\n<ul id=\"yui_3_17_2_1_1566386191448_189\" data-rte-list=\"default\">\n<li>Session &#8220;z\u00e9ro&#8221;, gratuite, d&#8217;environ 30 minutes, en personne ou par Skype, pour d\u00e9finir l&#8217;objectif du client, ses attentes et les fa\u00e7ons de travailler ensemble.<\/li>\n<li id=\"yui_3_17_2_1_1566386191448_188\">\n<p id=\"yui_3_17_2_1_1566386191448_187\">Minimum de 3 sessions \u00e9tal\u00e9es sur 5 semaines, faisant partie int\u00e9grale du processus du coaching.<\/p>\n<\/li>\n<li>La dur\u00e9e d&#8217;une session est de 45 minutes \u00e0 1h30.<\/li>\n<li>Des sessions par Skype sont tout \u00e0 fait envisageables et efficaces.<\/li>\n<\/ul>\n<\/li>\n<\/ul>\n<p>\n<\/div><div class=\"btClear btSeparator bottomSemiSpaced noBorder\" ><hr><\/div><\/div><\/div><\/div><\/div><\/div><\/div><\/div><\/section><section id=\"bt_section69d5a98e40918\"  class=\"boldSection btLightSkin gutter fullScreenHeight inherit\" ><div class=\"port\"><div class=\"boldCell\"><div class=\"boldCellInner\"><div class=\"boldRow \" ><div class=\"boldRowInner\"><div class=\"rowItem col-md-12 col-ms-12  btTextLeft animate animate-fadein inherit btNoPadding\"  data-width=\"12\"><div class=\"rowItemContent\" ><header class=\"header btClear extralarge\" ><div class=\"dash\"><h1><span class=\"headline\">Communication <b class=\"animate\">empathique<\/b><\/span><\/h1><\/div><div class=\"btSubTitle\"><\/p><br><p><\/div><\/header><\/div><\/div><\/div><\/div><div class=\"boldRow \" ><div class=\"boldRowInner\"><div class=\"rowItem col-md-4 col-ms-12 btTextLeft animate animate-fadein inherit\"  data-width=\"4\"><div class=\"rowItemContent\" ><div class=\"servicesItem  btIcoDefaultColorIcon btIcoMediumSizeIcon \"><div class=\"sIcon\"><span class=\"btIco btIcoMediumSize btIcoDefaultType btIcoDefaultColor\"><span  data-ico-=\"&#038;#x;\" class=\"btIcoHolder\"><\/span><\/span><\/div><div class=\"sTxt\"><header class=\"header btClear medium btDash bottomDash\" ><div class=\"dash\"><h3><span class=\"headline\">1. ATELIERS DE COMMUNICATION BIENVEILLANTE pour DEBUTANTS<\/span><\/h3><\/div><div class=\"btSubTitle\">Pour apprendra \u00e0:<\/div><\/header><\/div><\/div><div class=\"btText\" ><\/p>\n<ul>\n<li>Identifier ses sentiments et besoins<\/li>\n<li id=\"yui_3_17_2_1_1566386191448_194\">\n<p id=\"yui_3_17_2_1_1566386191448_193\">Savoir prendre le temps d&#8217;examiner le besoin le plus vivant qui nous anime \u00e0 un moment donn\u00e9, avant d&#8217;agir ou de dire des mots qui blessent<\/p>\n<\/li>\n<li>Traduire sa col\u00e8re dans un langage de besoins<\/li>\n<li>Exprimer ses besoins de mani\u00e8re authentique tout en augmentant les chances d&#8217;\u00eatre entendu,<\/li>\n<li>Entendre les besoins des autres au lieu de juger, bl\u00e2mer ou attribuer une \u00e9tiquette<\/li>\n<li>Ecouter activement sans juger<\/li>\n<li>Formuler des sollicitations d&#8217;une fa\u00e7on claire et non-violente<\/li>\n<\/ul>\n<p>\n<\/div><div class=\"btClear btSeparator topSmallSpaced noBorder\" ><hr><\/div><\/div><\/div><div class=\"rowItem col-md-4 col-ms-12 btTextLeft\"  data-width=\"4\"><div class=\"rowItemContent\" ><div class=\"servicesItem  btIcoDefaultColorIcon btIcoMediumSizeIcon \"><div class=\"sIcon\"><span class=\"btIco btIcoMediumSize btIcoDefaultType btIcoDefaultColor\"><span  data-ico-=\"&#038;#x;\" class=\"btIcoHolder\"><\/span><\/span><\/div><div class=\"sTxt\"><header class=\"header btClear medium btDash bottomDash\" ><div class=\"dash\"><h3><span class=\"headline\">2. ATELIERS D&#8217;AFFIRMATION DE SOI POR FEMMES.<\/span><\/h3><\/div><div class=\"btSubTitle\">Au programme:<\/div><\/header><\/div><\/div><div class=\"btText\" ><\/p>\n<ul>\n<li>L&#8217;art de dire NON sans se sentir coupable<\/li>\n<li>Etre \u00e0 l&#8217;\u00e9coute de soi et de ses proches en respectant ses valeurs<\/li>\n<li>R\u00e9aliser son potentiel<\/li>\n<li>Se faire entendre par ses proches<\/li>\n<li>Les tournures \u00e0 \u00e9viter dans la communication avec ses proches<\/li>\n<li>Limites et responsabilit\u00e9s dans une relation<\/li>\n<li id=\"yui_3_17_2_1_1566386191448_210\">\n<p id=\"yui_3_17_2_1_1566386191448_209\">Transitions de vie, choix et d\u00e9cisions qui nous servent<\/p>\n<\/li>\n<\/ul>\n<p>\n<\/div><\/div><\/div><div class=\"rowItem col-md-4 col-ms-12 btTextLeft inherit\" style=\"background-color: rgba(255, 255, 255, 1); \" data-width=\"4\"><div class=\"rowItemContent\" ><div class=\"servicesItem  btIcoDefaultColorIcon btIcoMediumSizeIcon \"><div class=\"sIcon\"><span class=\"btIco btIcoMediumSize btIcoDefaultType btIcoDefaultColor\"><span  data-ico-=\"&#038;#x;\" class=\"btIcoHolder\"><\/span><\/span><\/div><div class=\"sTxt\"><header class=\"header btClear medium btDash bottomDash\" ><div class=\"dash\"><h3><span class=\"headline\">3. SESSIONS INDIVIDUELLES<\/span><\/h3><\/div><div class=\"btSubTitle\">Sur demande, autour des probl\u00e8mes de communication: <\/div><\/header><\/div><\/div><div class=\"btText\" ><\/p>\n<ul id=\"yui_3_17_2_1_1566386191448_226\" data-rte-list=\"default\">\n<li id=\"yui_3_17_2_1_1566386191448_225\">\n<p id=\"yui_3_17_2_1_1566386191448_224\">comment traduire dans un langage de communication sa col\u00e8re, sa honte ou le manque d&#8217;estime de soi<\/p>\n<\/li>\n<li>comment aider son enfant \u00e0 grandir<\/li>\n<li>comment cr\u00e9er des relations de confiance avec ses enfants<\/li>\n<li>comment faire respecter ses limites dans une relation<\/li>\n<li>comment pratiquer l&#8217;\u00e9coute de soi<\/li>\n<\/ul>\n<p>\n<\/div><\/div><\/div><\/div><\/div><div class=\"boldRow \" ><div class=\"boldRowInner\"><div class=\"rowItem col-md-4 col-ms-12 btTextLeft inherit\"  data-width=\"4\"><div class=\"rowItemContent\" ><div class=\"servicesItem  btIcoDefaultColorIcon btIcoMediumSizeIcon \"><div class=\"sIcon\"><span class=\"btIco btIcoMediumSize btIcoDefaultType btIcoDefaultColor\"><span  data-ico-=\"&#038;#x;\" class=\"btIcoHolder\"><\/span><\/span><\/div><div class=\"sTxt\"><header class=\"header btClear medium btDash bottomDash\" ><div class=\"dash\"><h3><span class=\"headline\">4. ATELIERS DE COMMUNICATION BIENVEILLANTE NIVEAU INTERMEDIAIRE<\/span><\/h3><\/div><div class=\"btSubTitle\">Pour ceux qui veulent continuer l&#8217;apprentissage et la pratique<\/div><\/header><\/div><\/div><div class=\"btClear btSeparator topSemiSpaced noBorder\" ><hr><\/div><\/div><\/div><div class=\"rowItem col-md-4 col-ms-12 btTextLeft inherit\"  data-width=\"4\"><div class=\"rowItemContent\" ><div class=\"servicesItem  btIcoDefaultColorIcon btIcoMediumSizeIcon \"><div class=\"sIcon\"><span class=\"btIco btIcoMediumSize btIcoDefaultType btIcoDefaultColor\"><span  data-ico-=\"&#038;#x;\" class=\"btIcoHolder\"><\/span><\/span><\/div><div class=\"sTxt\"><header class=\"header btClear medium btDash bottomDash\" ><div class=\"dash\"><h3><span class=\"headline\">5. GROUPE DE PRATIQUE en COMMUNICATION BIENVEILLANTE<\/span><\/h3><\/div><div class=\"btSubTitle\">Pour les personnes ayant acquis des connaissances en Communication Non-violente.<\/div><\/header><\/div><\/div><\/div><\/div><div class=\"rowItem col-md-4 col-ms-12 btTextLeft\"  data-width=\"4\"><div class=\"rowItemContent\" ><div class=\"btClear btSeparator topSemiSpaced noBorder\" ><hr><\/div><\/div><\/div><\/div><\/div><\/div><\/div><\/div><\/section><section id=\"bt_section69d5a98e4154a\"  class=\"boldSection bottomSemiSpaced fullScreenHeight inherit\" ><div class=\"port\"><div class=\"boldCell\"><div class=\"boldCellInner\"><div class=\"boldRow \" ><div class=\"boldRowInner\"><div class=\"rowItem col-md-12 col-ms-12  btTextLeft animate animate-fadein inherit\"  data-width=\"12\"><div class=\"rowItemContent\" ><div class=\"btClear btSeparator bottomSmallSpaced noBorder\" ><hr><\/div><header class=\"header btClear extralarge\" ><div class=\"dash\"><h1><span class=\"headline\">Coaching avec les cartes <b class=\"animate\">\u201cPoints of You\u201d<\/b><br \/><br><\/span><\/h1><\/div><\/header><div class=\"btClear btSeparator topSmallSpaced noBorder\" ><hr><\/div><\/div><\/div><\/div><\/div><div class=\"boldRow \" ><div class=\"boldRowInner\"><div class=\"rowItem col-md-6 col-sm-12 btTextLeft\"  data-width=\"6\"><div class=\"rowItemContent\" ><div class=\"servicesItem  btIcoDefaultColorIcon btIcoMediumSizeIcon \"><div class=\"sIcon\"><span class=\"btIco btIcoMediumSize btIcoDefaultType btIcoDefaultColor\"><span  data-ico-fa=\"&#xf2c0;\" class=\"btIcoHolder\"><\/span><\/span><\/div><div class=\"sTxt\"><header class=\"header btClear medium\" ><div class=\"dash\"><h3><span class=\"headline\">SESSIONS INDIVIDUELLES<\/span><\/h3><\/div><div class=\"btSubTitle\">Le nombre de sessions d\u00e9pend du sujet<\/div><\/header><\/div><\/div><\/div><\/div><div class=\"rowItem col-md-6 col-sm-12 btTextLeft\"  data-width=\"6\"><div class=\"rowItemContent\" ><div class=\"servicesItem  btIcoDefaultColorIcon btIcoMediumSizeIcon \"><div class=\"sIcon\"><span class=\"btIco btIcoMediumSize btIcoDefaultType btIcoDefaultColor\"><span  data-ico-fa=\"&#xf0c0;\" class=\"btIcoHolder\"><\/span><\/span><\/div><div class=\"sTxt\"><header class=\"header btClear medium\" ><div class=\"dash\"><h3><span class=\"headline\">ATELIERS DE GROUPE<\/span><\/h3><\/div><div class=\"btSubTitle\">Travail \u00e0 th\u00e8me sur un sujet commun mais sans obligation de se confier. Un magnifique moyen de renforcer ses prises de conscience en \u00e9changeant le feedback et le support dans la mesure des attentes de chacune.<\/div><\/header><\/div><\/div><\/div><\/div><\/div><\/div><\/div><\/div><\/div><\/section><section id=\"bt_section69d5a98e4190e\"  class=\"boldSection gutter\" ><div class=\"port\"><div class=\"boldCell\"><div class=\"boldCellInner\"><div class=\"boldRow \" ><div class=\"boldRowInner\"><div class=\"rowItem col-md-12 col-ms-12  btTextLeft\"  data-width=\"12\"><div class=\"rowItemContent\" ><header class=\"header btClear extralarge\" ><div class=\"dash\"><h1><span class=\"headline\"><b class=\"animate\"> Mediation<\/b> <\/span><\/h1><\/div><\/header><div class=\"btClear btSeparator topSmallSpaced noBorder\" ><hr><\/div><\/div><\/div><\/div><\/div><div class=\"boldRow \" ><div class=\"boldRowInner\"><div class=\"rowItem col-md-4 col-ms-12 btTextLeft\"  data-width=\"4\"><div class=\"rowItemContent\" ><div class=\"servicesItem  btIcoDefaultColorIcon btIcoMediumSizeIcon \"><div class=\"sIcon\"><span class=\"btIco btIcoMediumSize btIcoDefaultType btIcoDefaultColor\"><span  data-ico-=\"&#038;#x;\" class=\"btIcoHolder\"><\/span><\/span><\/div><div class=\"sTxt\"><header class=\"header btClear medium btDash bottomDash\" ><div class=\"dash\"><h3><span class=\"headline\">SESSIONS<\/span><\/h3><\/div><div class=\"btSubTitle\">Pour couples<\/div><\/header><\/div><\/div><\/div><\/div><div class=\"rowItem col-md-4 col-ms-12 btTextLeft\"  data-width=\"4\"><div class=\"rowItemContent\" ><div class=\"servicesItem  btIcoDefaultColorIcon btIcoMediumSizeIcon \"><div class=\"sIcon\"><span class=\"btIco btIcoMediumSize btIcoDefaultType btIcoDefaultColor\"><span  data-ico-=\"&#038;#x;\" class=\"btIcoHolder\"><\/span><\/span><\/div><div class=\"sTxt\"><header class=\"header btClear medium btDash bottomDash\" ><div class=\"dash\"><h3><span class=\"headline\">ATELIERS<\/span><\/h3><\/div><div class=\"btSubTitle\">De r\u00e9solution de conflits<\/div><\/header><\/div><\/div><\/div><\/div><div class=\"rowItem col-md-4 col-ms-12 btTextLeft\"  data-width=\"4\"><div class=\"rowItemContent\" ><div class=\"servicesItem  btIcoDefaultColorIcon btIcoMediumSizeIcon \"><div class=\"sIcon\"><span class=\"btIco btIcoMediumSize btIcoDefaultType btIcoDefaultColor\"><span  data-ico-=\"&#038;#x;\" class=\"btIcoHolder\"><\/span><\/span><\/div><div class=\"sTxt\"><header class=\"header btClear medium btDash bottomDash\" ><div class=\"dash\"><h3><span class=\"headline\">ATELIERS POUR ECOLES<\/span><\/h3><\/div><div class=\"btSubTitle\">M\u00e9diation dans un milieu scolaire bas\u00e9e sur la Communication Non-violente<\/div><\/header><\/div><\/div><div class=\"btClear btSeparator topSpaced noBorder\" ><hr><\/div><\/div><\/div><\/div><\/div><\/div><\/div><\/div><\/section><\/p>\n","protected":false},"excerpt":{"rendered":"<p>\t\t\t\tVeggies es bonus vobis, proinde vos postulo essum magis kohlrabi welsh onion daikon amaranth tatsoi tomatillo melon azuki bean garlic.\t\t<\/p>\n","protected":false},"author":1,"featured_media":3012,"parent":0,"menu_order":0,"comment_status":"closed","ping_status":"closed","template":"","meta":{"footnotes":""},"class_list":["post-3037","page","type-page","status-publish","has-post-thumbnail","hentry"],"aioseo_notices":[],"_links":{"self":[{"href":"https:\/\/communicating.life\/fr\/wp-json\/wp\/v2\/pages\/3037","targetHints":{"allow":["GET"]}}],"collection":[{"href":"https:\/\/communicating.life\/fr\/wp-json\/wp\/v2\/pages"}],"about":[{"href":"https:\/\/communicating.life\/fr\/wp-json\/wp\/v2\/types\/page"}],"author":[{"embeddable":true,"href":"https:\/\/communicating.life\/fr\/wp-json\/wp\/v2\/users\/1"}],"replies":[{"embeddable":true,"href":"https:\/\/communicating.life\/fr\/wp-json\/wp\/v2\/comments?post=3037"}],"version-history":[{"count":23,"href":"https:\/\/communicating.life\/fr\/wp-json\/wp\/v2\/pages\/3037\/revisions"}],"predecessor-version":[{"id":3700,"href":"https:\/\/communicating.life\/fr\/wp-json\/wp\/v2\/pages\/3037\/revisions\/3700"}],"wp:featuredmedia":[{"embeddable":true,"href":"https:\/\/communicating.life\/fr\/wp-json\/wp\/v2\/media\/3012"}],"wp:attachment":[{"href":"https:\/\/communicating.life\/fr\/wp-json\/wp\/v2\/media?parent=3037"}],"curies":[{"name":"wp","href":"https:\/\/api.w.org\/{rel}","templated":true}]}}